{"id":5726,"date":"2021-04-27T18:49:07","date_gmt":"2021-04-27T16:49:07","guid":{"rendered":"https:\/\/webovkykladno.cz\/pojistenikladno\/?page_id=5726"},"modified":"2022-03-17T17:40:45","modified_gmt":"2022-03-17T16:40:45","slug":"investorske-minimum","status":"publish","type":"page","link":"https:\/\/www.pojistenikladno.eu\/?page_id=5726","title":{"rendered":"Investorsk\u00e9 minimum"},"content":{"rendered":"\t\t<div data-elementor-type=\"wp-post\" data-elementor-id=\"5726\" class=\"elementor elementor-5726\" data-elementor-settings=\"[]\">\n\t\t\t\t\t\t<div class=\"elementor-inner\">\n\t\t\t\t\t\t\t<div class=\"elementor-section-wrap\">\n\t\t\t\t\t\t\t<section class=\"elementor-section elementor-top-section elementor-element elementor-element-13d2e54c elementor-section-boxed elementor-section-height-default elementor-section-height-default\" data-id=\"13d2e54c\" data-element_type=\"section\">\n\t\t\t\t\t\t<div class=\"elementor-container elementor-column-gap-default\">\n\t\t\t\t\t\t\t<div class=\"elementor-row\">\n\t\t\t\t\t<div class=\"elementor-column elementor-col-100 elementor-top-column elementor-element elementor-element-77e75b21\" data-id=\"77e75b21\" data-element_type=\"column\">\n\t\t\t<div class=\"elementor-column-wrap elementor-element-populated\">\n\t\t\t\t\t\t\t<div class=\"elementor-widget-wrap\">\n\t\t\t\t\t\t<div class=\"elementor-element elementor-element-f2a6be7 elementor-widget elementor-widget-text-editor\" data-id=\"f2a6be7\" data-element_type=\"widget\" data-widget_type=\"text-editor.default\">\n\t\t\t\t<div class=\"elementor-widget-container\">\n\t\t\t\t\t\t\t\t<div class=\"elementor-text-editor elementor-clearfix\">\n\t\t\t\t<p><!-- wp:paragraph --><\/p>\n<h3>investorsk\u00e9 Z\u00c1SADY<\/h3>\n<ol style=\"color: #2193d0;\">\n<li><span style=\"color: #2193d0;\">Myslete dlouhodob\u011b<\/span><\/li>\n<li><span style=\"color: #2193d0;\">Pen\u00edze v bance m\u00e1lokdy v\u00edt\u011bz\u00ed<\/span><\/li>\n<li><span style=\"color: #2193d0;\">Z\u00e1klad \u00fasp\u011bchu je diverzifikace<\/span><\/li>\n<li><span style=\"color: #2193d0;\">Z\u016fsta\u0148te zainvestovan\u00fd dle pl\u00e1nu<\/span><\/li>\n<li><span style=\"color: #2193d0;\">Dlouhodob\u00e9 investice vyu\u017e\u00edvaj\u00ed s\u00edlu slo\u017een\u00e9ho \u00faro\u010den\u00ed a dividend<\/span><\/li>\n<li><span style=\"color: #2193d0;\">Emoce a rekce na poklesy dr\u017ete na uzd\u011b<\/span><\/li>\n<li><span style=\"color: #2193d0;\">Kol\u00eds\u00e1n\u00ed je norm\u00e1ln\u00ed<\/span><\/li>\n<\/ol>\n<div>\u00a0<\/div>\n<h3>Studie ukazuj\u00ed rozbor:<\/h3>\n<p>1. Lid\u00e9 se zbyte\u010dn\u011b zadlu\u017euj\u00ed, na mnoho v\u011bc\u00ed se d\u00e1 v pr\u016fb\u011bhu roku naspo\u0159\u00ed .Je u\u017eite\u010dn\u00e9 si spo\u0159en\u00ed rozf\u00e1zovat na kr\u00e1tkodob\u00e9, st\u0159edn\u011bdob\u00e9 a dlouhodob\u00e9 spo\u0159en\u00ed<\/p>\n<p>Lid\u00e9 jsou nedostate\u010dn\u011b p\u0159ipraveni na odchod do d\u016fchodu je spr\u00e1vn\u00e9 za\u010d\u00edt investovat p\u0159ed 30. rokem v\u011bku a vyu\u017e\u00edt s\u00edlu slo\u017een\u00e9ho \u00faro\u010den\u00ed, nemus\u00ed se odkl\u00e1dat velk\u00e1 \u010d\u00e1stka. Za\u010d\u00edt se m\u016f\u017ee od 500,- K\u010d m\u011bs\u00ed\u010dn\u011b<\/p>\n<p>2. Lid\u00e9 si \u010dasto mysl\u00ed, \u017ee hotovost (\u010di bankovn\u00ed vklad) je bezpe\u010dn\u00fd p\u0159\u00edstav v neklidn\u00fdch dob\u00e1ch. Dnes pokra\u010duj\u00edc\u00ed \u00e9ra ultra-n\u00edzk\u00fdch \u00farokov\u00fdch sazeb jasn\u011b ukazuje, \u017ee generovan\u00fd p\u0159\u00edjem z hotovosti nepokr\u00fdv\u00e1 ani inflaci. Hotovost \u2013 vytv\u00e1\u0159\u00edme likvidn\u00ed rezervy (pro ne\u010dekan\u00e9 v\u00fddaje, p\u0159\u00edpadn\u011b vyu\u017eit\u00ed pro atraktivn\u00ed investi\u010dn\u00ed p\u0159\u00edle\u017eitosti)<\/p>\n<p>3. Posledn\u00edch 18 let n\u00e1m potvrdilo, \u017ee diverzifikace funguje a m\u00e1 svou d\u016fle\u017eitou roli p\u0159i stavb\u011b portfolia. Sm\u00ed\u0161en\u00e9 portfolio z r\u016fzn\u00fdch t\u0159\u00edd aktiv p\u0159ineslo v\u00fdnos v dob\u00e1ch nestability, bou\u0159liv\u00e9ho v\u00fdvoje trh\u016f, mnoha p\u0159\u00edrodn\u00edch katastrof, \u010detn\u00fdch geopolitick\u00fdch konflikt\u016f a dvou hlavn\u00edch propad\u016f trhu. I v t\u011bchto dob\u00e1ch byla hotovost nejhor\u0161\u00ed investic\u00ed. Diverzifikace je m\u011bnov\u00e1, region\u00e1ln\u00ed, sektorov\u00e1, podle tr\u017en\u00ed kapitalizace firem atd.<\/p>\n<p>4. Dobr\u00e9 v\u011bci p\u0159ich\u00e1zej\u00ed k t\u011bm, kte\u0159\u00ed \u010dekaj\u00ed, pro investory, kte\u0159\u00ed maj\u00ed osobn\u00ed pl\u00e1n to plat\u00ed dvojn\u00e1sobn\u011b. Na kr\u00e1tk\u00e9m obdob\u00ed se mohou vyv\u00edjet trhy \u0161patn\u011b den, t\u00fdden, m\u011bs\u00edc dokonce i rok. Historie v\u0161ak potvrzuje, \u017ee na dlouh\u00e9m obdob\u00ed p\u0159ich\u00e1zej\u00ed pouze pozitivn\u00ed obdob\u00ed<\/p>\n<p>5. Obrovsk\u00fd efekt slo\u017een\u00e9ho \u00faro\u010den\u00ed spole\u010dn\u011b s reinvestov\u00e1n\u00edm dividend. Pokud bychom dividendy nereinvestovaly. Slo\u017een\u00e9 \u00faro\u010den\u00ed m\u016f\u017ee spolu s r\u016fstem akciov\u00e9ho trhu prom\u011bnit oby\u010dejn\u00e9ho \u010dlov\u011bka v boh\u00e1\u010de. Albert Eistein ho nazval osm\u00fdm dive sv\u011bta<\/p>\n<p>6. Ka\u017ed\u00fd rok najdeme poklesy na trz\u00edch. Kdy\u017e jsou trhy rozbou\u0159en\u00e9 je zapot\u0159eb\u00ed se d\u00edvat dop\u0159edu a m\u00fdt pl\u00e1n a poradce<\/p>\n<p>7. Kol\u00eds\u00e1n\u00ed je norm\u00e1ln\u00ed\u00a0 &#8211; nenechte se vyv\u00e9st z m\u00edry. Kdy\u017e jsou trhy rozbou\u0159en\u00e9 je zapot\u0159eb\u00ed se d\u00edvat dop\u0159edu a m\u00fdt pl\u00e1n a r\u00e1dce, o kter\u00e9ho se m\u016f\u017eete op\u0159\u00edt\u00a0<\/p>\n<p><!-- \/wp:paragraph --><\/p>\t\t\t\t\t<\/div>\n\t\t\t\t\t\t<\/div>\n\t\t\t\t<\/div>\n\t\t\t\t<div class=\"elementor-element elementor-element-8c9f4ce elementor-widget elementor-widget-spacer\" data-id=\"8c9f4ce\" data-element_type=\"widget\" data-widget_type=\"spacer.default\">\n\t\t\t\t<div class=\"elementor-widget-container\">\n\t\t\t\t\t<div class=\"elementor-spacer\">\n\t\t\t<div class=\"elementor-spacer-inner\"><\/div>\n\t\t<\/div>\n\t\t\t\t<\/div>\n\t\t\t\t<\/div>\n\t\t\t\t\t\t<\/div>\n\t\t\t\t\t<\/div>\n\t\t<\/div>\n\t\t\t\t\t\t\t\t<\/div>\n\t\t\t\t\t<\/div>\n\t\t<\/section>\n\t\t\t\t\t\t<\/div>\n\t\t\t\t\t\t<\/div>\n\t\t\t\t\t<\/div>\n\t\t","protected":false},"excerpt":{"rendered":"<p>investorsk\u00e9 Z\u00c1SADY Myslete dlouhodob\u011b Pen\u00edze v bance m\u00e1lokdy v\u00edt\u011bz\u00ed Z\u00e1klad \u00fasp\u011bchu je diverzifikace Z\u016fsta\u0148te zainvestovan\u00fd dle pl\u00e1nu Dlouhodob\u00e9 investice vyu\u017e\u00edvaj\u00ed s\u00edlu slo\u017een\u00e9ho \u00faro\u010den\u00ed a dividend Emoce a rekce na poklesy dr\u017ete na uzd\u011b Kol\u00eds\u00e1n\u00ed je norm\u00e1ln\u00ed \u00a0 Studie ukazuj\u00ed rozbor: 1. Lid\u00e9 se zbyte\u010dn\u011b zadlu\u017euj\u00ed, na mnoho v\u011bc\u00ed se d\u00e1 v pr\u016fb\u011bhu roku naspo\u0159\u00ed .Je [&hellip;]<\/p>\n","protected":false},"author":1,"featured_media":0,"parent":0,"menu_order":0,"comment_status":"closed","ping_status":"open","template":"","meta":{"_mi_skip_tracking":false},"yoast_head":"<!-- This site is optimized with the Yoast SEO plugin v18.1 - https:\/\/yoast.com\/wordpress\/plugins\/seo\/ -->\n<title>Investorsk\u00e9 minimum - Poji\u0161t\u011bn\u00ed a finan\u010dn\u00ed poradenstv\u00ed Kladno<\/title>\n<meta name=\"robots\" content=\"index, follow, max-snippet:-1, max-image-preview:large, max-video-preview:-1\" \/>\n<link rel=\"canonical\" href=\"https:\/\/www.pojistenikladno.eu\/?page_id=5726\" \/>\n<meta property=\"og:locale\" content=\"cs_CZ\" \/>\n<meta property=\"og:type\" content=\"article\" \/>\n<meta property=\"og:title\" content=\"Investorsk\u00e9 minimum - Poji\u0161t\u011bn\u00ed a finan\u010dn\u00ed poradenstv\u00ed Kladno\" \/>\n<meta property=\"og:description\" content=\"investorsk\u00e9 Z\u00c1SADY Myslete dlouhodob\u011b Pen\u00edze v bance m\u00e1lokdy v\u00edt\u011bz\u00ed Z\u00e1klad \u00fasp\u011bchu je diverzifikace Z\u016fsta\u0148te zainvestovan\u00fd dle pl\u00e1nu Dlouhodob\u00e9 investice vyu\u017e\u00edvaj\u00ed s\u00edlu slo\u017een\u00e9ho \u00faro\u010den\u00ed a dividend Emoce a rekce na poklesy dr\u017ete na uzd\u011b Kol\u00eds\u00e1n\u00ed je norm\u00e1ln\u00ed \u00a0 Studie ukazuj\u00ed rozbor: 1. Lid\u00e9 se zbyte\u010dn\u011b zadlu\u017euj\u00ed, na mnoho v\u011bc\u00ed se d\u00e1 v pr\u016fb\u011bhu roku naspo\u0159\u00ed .Je [&hellip;]\" \/>\n<meta property=\"og:url\" content=\"https:\/\/www.pojistenikladno.eu\/?page_id=5726\" \/>\n<meta property=\"og:site_name\" content=\"Poji\u0161t\u011bn\u00ed a finan\u010dn\u00ed poradenstv\u00ed Kladno\" \/>\n<meta property=\"article:publisher\" content=\"https:\/\/www.facebook.com\/NadaKutilovaFinancniPoradenstvi\" \/>\n<meta property=\"article:modified_time\" content=\"2022-03-17T16:40:45+00:00\" \/>\n<meta name=\"twitter:card\" content=\"summary_large_image\" \/>\n<meta name=\"twitter:label1\" content=\"Odhadovan\u00e1 doba \u010dten\u00ed\" \/>\n\t<meta name=\"twitter:data1\" content=\"2 minuty\" \/>\n<script type=\"application\/ld+json\" class=\"yoast-schema-graph\">{\"@context\":\"https:\/\/schema.org\",\"@graph\":[{\"@type\":\"Organization\",\"@id\":\"https:\/\/www.pojistenikladno.eu\/#organization\",\"name\":\"Poji\u0161t\u011bn\u00ed a finan\u010dn\u00ed poradenstv\u00ed Kladno\",\"url\":\"https:\/\/www.pojistenikladno.eu\/\",\"sameAs\":[\"https:\/\/www.facebook.com\/NadaKutilovaFinancniPoradenstvi\"],\"logo\":{\"@type\":\"ImageObject\",\"@id\":\"https:\/\/www.pojistenikladno.eu\/#logo\",\"inLanguage\":\"cs\",\"url\":\"https:\/\/www.pojistenikladno.eu\/wp-content\/uploads\/2019\/08\/logo_final_tm.png\",\"contentUrl\":\"https:\/\/www.pojistenikladno.eu\/wp-content\/uploads\/2019\/08\/logo_final_tm.png\",\"width\":356,\"height\":92,\"caption\":\"Poji\u0161t\u011bn\u00ed a finan\u010dn\u00ed poradenstv\u00ed Kladno\"},\"image\":{\"@id\":\"https:\/\/www.pojistenikladno.eu\/#logo\"}},{\"@type\":\"WebSite\",\"@id\":\"https:\/\/www.pojistenikladno.eu\/#website\",\"url\":\"https:\/\/www.pojistenikladno.eu\/\",\"name\":\"Poji\u0161t\u011bn\u00ed a finan\u010dn\u00ed poradenstv\u00ed Kladno\",\"description\":\"\",\"publisher\":{\"@id\":\"https:\/\/www.pojistenikladno.eu\/#organization\"},\"potentialAction\":[{\"@type\":\"SearchAction\",\"target\":{\"@type\":\"EntryPoint\",\"urlTemplate\":\"https:\/\/www.pojistenikladno.eu\/?s={search_term_string}\"},\"query-input\":\"required name=search_term_string\"}],\"inLanguage\":\"cs\"},{\"@type\":\"WebPage\",\"@id\":\"https:\/\/www.pojistenikladno.eu\/?page_id=5726#webpage\",\"url\":\"https:\/\/www.pojistenikladno.eu\/?page_id=5726\",\"name\":\"Investorsk\u00e9 minimum - Poji\u0161t\u011bn\u00ed a finan\u010dn\u00ed poradenstv\u00ed Kladno\",\"isPartOf\":{\"@id\":\"https:\/\/www.pojistenikladno.eu\/#website\"},\"datePublished\":\"2021-04-27T16:49:07+00:00\",\"dateModified\":\"2022-03-17T16:40:45+00:00\",\"breadcrumb\":{\"@id\":\"https:\/\/www.pojistenikladno.eu\/?page_id=5726#breadcrumb\"},\"inLanguage\":\"cs\",\"potentialAction\":[{\"@type\":\"ReadAction\",\"target\":[\"https:\/\/www.pojistenikladno.eu\/?page_id=5726\"]}]},{\"@type\":\"BreadcrumbList\",\"@id\":\"https:\/\/www.pojistenikladno.eu\/?page_id=5726#breadcrumb\",\"itemListElement\":[{\"@type\":\"ListItem\",\"position\":1,\"name\":\"Dom\u016f\",\"item\":\"https:\/\/www.pojistenikladno.eu\/\"},{\"@type\":\"ListItem\",\"position\":2,\"name\":\"Investorsk\u00e9 minimum\"}]}]}<\/script>\n<!-- \/ Yoast SEO plugin. -->","yoast_head_json":{"title":"Investorsk\u00e9 minimum - Poji\u0161t\u011bn\u00ed a finan\u010dn\u00ed poradenstv\u00ed Kladno","robots":{"index":"index","follow":"follow","max-snippet":"max-snippet:-1","max-image-preview":"max-image-preview:large","max-video-preview":"max-video-preview:-1"},"canonical":"https:\/\/www.pojistenikladno.eu\/?page_id=5726","og_locale":"cs_CZ","og_type":"article","og_title":"Investorsk\u00e9 minimum - Poji\u0161t\u011bn\u00ed a finan\u010dn\u00ed poradenstv\u00ed Kladno","og_description":"investorsk\u00e9 Z\u00c1SADY Myslete dlouhodob\u011b Pen\u00edze v bance m\u00e1lokdy v\u00edt\u011bz\u00ed Z\u00e1klad \u00fasp\u011bchu je diverzifikace Z\u016fsta\u0148te zainvestovan\u00fd dle pl\u00e1nu Dlouhodob\u00e9 investice vyu\u017e\u00edvaj\u00ed s\u00edlu slo\u017een\u00e9ho \u00faro\u010den\u00ed a dividend Emoce a rekce na poklesy dr\u017ete na uzd\u011b Kol\u00eds\u00e1n\u00ed je norm\u00e1ln\u00ed \u00a0 Studie ukazuj\u00ed rozbor: 1. Lid\u00e9 se zbyte\u010dn\u011b zadlu\u017euj\u00ed, na mnoho v\u011bc\u00ed se d\u00e1 v pr\u016fb\u011bhu roku naspo\u0159\u00ed .Je [&hellip;]","og_url":"https:\/\/www.pojistenikladno.eu\/?page_id=5726","og_site_name":"Poji\u0161t\u011bn\u00ed a finan\u010dn\u00ed poradenstv\u00ed Kladno","article_publisher":"https:\/\/www.facebook.com\/NadaKutilovaFinancniPoradenstvi","article_modified_time":"2022-03-17T16:40:45+00:00","twitter_card":"summary_large_image","twitter_misc":{"Odhadovan\u00e1 doba \u010dten\u00ed":"2 minuty"},"schema":{"@context":"https:\/\/schema.org","@graph":[{"@type":"Organization","@id":"https:\/\/www.pojistenikladno.eu\/#organization","name":"Poji\u0161t\u011bn\u00ed a finan\u010dn\u00ed poradenstv\u00ed Kladno","url":"https:\/\/www.pojistenikladno.eu\/","sameAs":["https:\/\/www.facebook.com\/NadaKutilovaFinancniPoradenstvi"],"logo":{"@type":"ImageObject","@id":"https:\/\/www.pojistenikladno.eu\/#logo","inLanguage":"cs","url":"https:\/\/www.pojistenikladno.eu\/wp-content\/uploads\/2019\/08\/logo_final_tm.png","contentUrl":"https:\/\/www.pojistenikladno.eu\/wp-content\/uploads\/2019\/08\/logo_final_tm.png","width":356,"height":92,"caption":"Poji\u0161t\u011bn\u00ed a finan\u010dn\u00ed poradenstv\u00ed Kladno"},"image":{"@id":"https:\/\/www.pojistenikladno.eu\/#logo"}},{"@type":"WebSite","@id":"https:\/\/www.pojistenikladno.eu\/#website","url":"https:\/\/www.pojistenikladno.eu\/","name":"Poji\u0161t\u011bn\u00ed a finan\u010dn\u00ed poradenstv\u00ed Kladno","description":"","publisher":{"@id":"https:\/\/www.pojistenikladno.eu\/#organization"},"potentialAction":[{"@type":"SearchAction","target":{"@type":"EntryPoint","urlTemplate":"https:\/\/www.pojistenikladno.eu\/?s={search_term_string}"},"query-input":"required name=search_term_string"}],"inLanguage":"cs"},{"@type":"WebPage","@id":"https:\/\/www.pojistenikladno.eu\/?page_id=5726#webpage","url":"https:\/\/www.pojistenikladno.eu\/?page_id=5726","name":"Investorsk\u00e9 minimum - Poji\u0161t\u011bn\u00ed a finan\u010dn\u00ed poradenstv\u00ed Kladno","isPartOf":{"@id":"https:\/\/www.pojistenikladno.eu\/#website"},"datePublished":"2021-04-27T16:49:07+00:00","dateModified":"2022-03-17T16:40:45+00:00","breadcrumb":{"@id":"https:\/\/www.pojistenikladno.eu\/?page_id=5726#breadcrumb"},"inLanguage":"cs","potentialAction":[{"@type":"ReadAction","target":["https:\/\/www.pojistenikladno.eu\/?page_id=5726"]}]},{"@type":"BreadcrumbList","@id":"https:\/\/www.pojistenikladno.eu\/?page_id=5726#breadcrumb","itemListElement":[{"@type":"ListItem","position":1,"name":"Dom\u016f","item":"https:\/\/www.pojistenikladno.eu\/"},{"@type":"ListItem","position":2,"name":"Investorsk\u00e9 minimum"}]}]}},"_links":{"self":[{"href":"https:\/\/www.pojistenikladno.eu\/index.php?rest_route=\/wp\/v2\/pages\/5726"}],"collection":[{"href":"https:\/\/www.pojistenikladno.eu\/index.php?rest_route=\/wp\/v2\/pages"}],"about":[{"href":"https:\/\/www.pojistenikladno.eu\/index.php?rest_route=\/wp\/v2\/types\/page"}],"author":[{"embeddable":true,"href":"https:\/\/www.pojistenikladno.eu\/index.php?rest_route=\/wp\/v2\/users\/1"}],"replies":[{"embeddable":true,"href":"https:\/\/www.pojistenikladno.eu\/index.php?rest_route=%2Fwp%2Fv2%2Fcomments&post=5726"}],"version-history":[{"count":20,"href":"https:\/\/www.pojistenikladno.eu\/index.php?rest_route=\/wp\/v2\/pages\/5726\/revisions"}],"predecessor-version":[{"id":6309,"href":"https:\/\/www.pojistenikladno.eu\/index.php?rest_route=\/wp\/v2\/pages\/5726\/revisions\/6309"}],"wp:attachment":[{"href":"https:\/\/www.pojistenikladno.eu\/index.php?rest_route=%2Fwp%2Fv2%2Fmedia&parent=5726"}],"curies":[{"name":"wp","href":"https:\/\/api.w.org\/{rel}","templated":true}]}}