{"id":5313,"date":"2021-03-30T18:41:38","date_gmt":"2021-03-30T16:41:38","guid":{"rendered":"https:\/\/webovkykladno.cz\/pojistenikladno\/?page_id=5313"},"modified":"2021-06-10T16:36:51","modified_gmt":"2021-06-10T14:36:51","slug":"realitni-sluzby","status":"publish","type":"page","link":"https:\/\/www.pojistenikladno.eu\/?page_id=5313","title":{"rendered":"REALITN\u00cd SLU\u017dBY"},"content":{"rendered":"\t\t<div data-elementor-type=\"wp-post\" data-elementor-id=\"5313\" class=\"elementor elementor-5313\" data-elementor-settings=\"[]\">\n\t\t\t\t\t\t<div class=\"elementor-inner\">\n\t\t\t\t\t\t\t<div class=\"elementor-section-wrap\">\n\t\t\t\t\t\t\t<section class=\"elementor-section elementor-top-section elementor-element elementor-element-13d2e54c elementor-section-boxed elementor-section-height-default elementor-section-height-default\" data-id=\"13d2e54c\" data-element_type=\"section\">\n\t\t\t\t\t\t<div class=\"elementor-container elementor-column-gap-default\">\n\t\t\t\t\t\t\t<div class=\"elementor-row\">\n\t\t\t\t\t<div class=\"elementor-column elementor-col-100 elementor-top-column elementor-element elementor-element-77e75b21\" data-id=\"77e75b21\" data-element_type=\"column\">\n\t\t\t<div class=\"elementor-column-wrap elementor-element-populated\">\n\t\t\t\t\t\t\t<div class=\"elementor-widget-wrap\">\n\t\t\t\t\t\t<div class=\"elementor-element elementor-element-f2a6be7 elementor-widget elementor-widget-text-editor\" data-id=\"f2a6be7\" data-element_type=\"widget\" data-widget_type=\"text-editor.default\">\n\t\t\t\t<div class=\"elementor-widget-container\">\n\t\t\t\t\t\t\t\t<div class=\"elementor-text-editor elementor-clearfix\">\n\t\t\t\t<!-- wp:paragraph -->\n<p style=\"text-align: justify;\">Pot\u0159ebujete koupit nemovitost, prodat \u010di pronajmout svoj\u00ed nemovitost? Ve spolupr\u00e1ci s m\u00fdmi partnery pro v\u00e1s zajist\u00edm kompletn\u00ed slu\u017eby spojen\u00e9 s prodejem \u010di pron\u00e1jmem nemovitosti, od odhadu tr\u017en\u00ed ceny nemovitosti, p\u0159es nafocen\u00ed, inzerci, realizaci prohl\u00eddek, prov\u011b\u0159en\u00ed z\u00e1jemce, a\u017e po samotn\u00fd prodej, pron\u00e1jem a zaji\u0161t\u011bn\u00ed ve\u0161ker\u00e9 smluvn\u00ed dokumentace. Vy se nemus\u00edte o nic starat &#8211; zajist\u00edm v\u0161e pot\u0159ebn\u00e9 za v\u00e1s.<\/p>\n<p style=\"text-align: justify;\">Ka\u017ed\u00e9mu obchodn\u00edmu p\u0159\u00edpadu se v\u011bnuji individu\u00e1ln\u011b. Zakl\u00e1d\u00e1m si na seri\u00f3zn\u00edm jedn\u00e1n\u00ed, ochot\u011b a profesionalit\u011b.<\/p>\n<!-- \/wp:paragraph -->\t\t\t\t\t<\/div>\n\t\t\t\t\t\t<\/div>\n\t\t\t\t<\/div>\n\t\t\t\t<div class=\"elementor-element elementor-element-8c9f4ce elementor-widget elementor-widget-spacer\" data-id=\"8c9f4ce\" data-element_type=\"widget\" data-widget_type=\"spacer.default\">\n\t\t\t\t<div class=\"elementor-widget-container\">\n\t\t\t\t\t<div class=\"elementor-spacer\">\n\t\t\t<div class=\"elementor-spacer-inner\"><\/div>\n\t\t<\/div>\n\t\t\t\t<\/div>\n\t\t\t\t<\/div>\n\t\t\t\t<div class=\"elementor-element elementor-element-ea0b3a4 elementor-widget elementor-widget-heading\" data-id=\"ea0b3a4\" data-element_type=\"widget\" data-widget_type=\"heading.default\">\n\t\t\t\t<div class=\"elementor-widget-container\">\n\t\t\t<h2 class=\"elementor-heading-title elementor-size-default\">Hlavn\u00ed v\u00fdhody spolupr\u00e1ce?<\/h2>\t\t<\/div>\n\t\t\t\t<\/div>\n\t\t\t\t<div class=\"elementor-element elementor-element-6803f63 elementor-icon-list--layout-traditional elementor-list-item-link-full_width elementor-widget elementor-widget-icon-list\" data-id=\"6803f63\" data-element_type=\"widget\" data-widget_type=\"icon-list.default\">\n\t\t\t\t<div class=\"elementor-widget-container\">\n\t\t\t\t\t<ul class=\"elementor-icon-list-items\">\n\t\t\t\t\t\t\t<li class=\"elementor-icon-list-item\">\n\t\t\t\t\t\t\t\t\t\t\t<span class=\"elementor-icon-list-icon\">\n\t\t\t\t\t\t\t<i aria-hidden=\"true\" class=\"fas fa-check\"><\/i>\t\t\t\t\t\t<\/span>\n\t\t\t\t\t\t\t\t\t\t<span class=\"elementor-icon-list-text\">V\u0161e pod jednou st\u0159echou - znaleck\u00fd posudek, pr\u00e1vn\u00ed servis, apod.<\/span>\n\t\t\t\t\t\t\t\t\t<\/li>\n\t\t\t\t\t\t\t\t<li class=\"elementor-icon-list-item\">\n\t\t\t\t\t\t\t\t\t\t\t<span class=\"elementor-icon-list-icon\">\n\t\t\t\t\t\t\t<i aria-hidden=\"true\" class=\"fas fa-check\"><\/i>\t\t\t\t\t\t<\/span>\n\t\t\t\t\t\t\t\t\t\t<span class=\"elementor-icon-list-text\">Efektivn\u00ed vyu\u017eit\u00ed modern\u00edch technologi\u00ed<\/span>\n\t\t\t\t\t\t\t\t\t<\/li>\n\t\t\t\t\t\t\t\t<li class=\"elementor-icon-list-item\">\n\t\t\t\t\t\t\t\t\t\t\t<span class=\"elementor-icon-list-icon\">\n\t\t\t\t\t\t\t<i aria-hidden=\"true\" class=\"fas fa-check\"><\/i>\t\t\t\t\t\t<\/span>\n\t\t\t\t\t\t\t\t\t\t<span class=\"elementor-icon-list-text\">Usnadn\u00edm uskute\u010dn\u011bn\u00ed z\u00e1sadn\u00edch pr\u00e1vn\u00edch \u00fakon\u016f (nap\u0159. uzav\u0159en\u00ed smlouvy, koup\u011b nemovitosti atd.)<\/span>\n\t\t\t\t\t\t\t\t\t<\/li>\n\t\t\t\t\t\t<\/ul>\n\t\t\t\t<\/div>\n\t\t\t\t<\/div>\n\t\t\t\t\t\t<\/div>\n\t\t\t\t\t<\/div>\n\t\t<\/div>\n\t\t\t\t\t\t\t\t<\/div>\n\t\t\t\t\t<\/div>\n\t\t<\/section>\n\t\t\t\t\t\t<\/div>\n\t\t\t\t\t\t<\/div>\n\t\t\t\t\t<\/div>\n\t\t","protected":false},"excerpt":{"rendered":"<p>Pot\u0159ebujete koupit nemovitost, prodat \u010di pronajmout svoj\u00ed nemovitost? Ve spolupr\u00e1ci s m\u00fdmi partnery pro v\u00e1s zajist\u00edm kompletn\u00ed slu\u017eby spojen\u00e9 s prodejem \u010di pron\u00e1jmem nemovitosti, od odhadu tr\u017en\u00ed ceny nemovitosti, p\u0159es nafocen\u00ed, inzerci, realizaci prohl\u00eddek, prov\u011b\u0159en\u00ed z\u00e1jemce, a\u017e po samotn\u00fd prodej, pron\u00e1jem a zaji\u0161t\u011bn\u00ed ve\u0161ker\u00e9 smluvn\u00ed dokumentace. Vy se nemus\u00edte o nic starat &#8211; zajist\u00edm v\u0161e [&hellip;]<\/p>\n","protected":false},"author":1,"featured_media":0,"parent":0,"menu_order":0,"comment_status":"closed","ping_status":"open","template":"","meta":{"_mi_skip_tracking":false},"yoast_head":"<!-- This site is optimized with the Yoast SEO plugin v18.1 - https:\/\/yoast.com\/wordpress\/plugins\/seo\/ -->\n<title>REALITN\u00cd SLU\u017dBY - Poji\u0161t\u011bn\u00ed a finan\u010dn\u00ed poradenstv\u00ed Kladno<\/title>\n<meta name=\"robots\" content=\"index, follow, max-snippet:-1, max-image-preview:large, max-video-preview:-1\" \/>\n<link rel=\"canonical\" href=\"https:\/\/www.pojistenikladno.eu\/?page_id=5313\" \/>\n<meta property=\"og:locale\" content=\"cs_CZ\" \/>\n<meta property=\"og:type\" content=\"article\" \/>\n<meta property=\"og:title\" content=\"REALITN\u00cd SLU\u017dBY - Poji\u0161t\u011bn\u00ed a finan\u010dn\u00ed poradenstv\u00ed Kladno\" \/>\n<meta property=\"og:description\" content=\"Pot\u0159ebujete koupit nemovitost, prodat \u010di pronajmout svoj\u00ed nemovitost? Ve spolupr\u00e1ci s m\u00fdmi partnery pro v\u00e1s zajist\u00edm kompletn\u00ed slu\u017eby spojen\u00e9 s prodejem \u010di pron\u00e1jmem nemovitosti, od odhadu tr\u017en\u00ed ceny nemovitosti, p\u0159es nafocen\u00ed, inzerci, realizaci prohl\u00eddek, prov\u011b\u0159en\u00ed z\u00e1jemce, a\u017e po samotn\u00fd prodej, pron\u00e1jem a zaji\u0161t\u011bn\u00ed ve\u0161ker\u00e9 smluvn\u00ed dokumentace. Vy se nemus\u00edte o nic starat &#8211; zajist\u00edm v\u0161e [&hellip;]\" \/>\n<meta property=\"og:url\" content=\"https:\/\/www.pojistenikladno.eu\/?page_id=5313\" \/>\n<meta property=\"og:site_name\" content=\"Poji\u0161t\u011bn\u00ed a finan\u010dn\u00ed poradenstv\u00ed Kladno\" \/>\n<meta property=\"article:publisher\" content=\"https:\/\/www.facebook.com\/NadaKutilovaFinancniPoradenstvi\" \/>\n<meta property=\"article:modified_time\" content=\"2021-06-10T14:36:51+00:00\" \/>\n<meta name=\"twitter:card\" content=\"summary_large_image\" \/>\n<meta name=\"twitter:label1\" content=\"Odhadovan\u00e1 doba \u010dten\u00ed\" \/>\n\t<meta name=\"twitter:data1\" content=\"1 minuta\" \/>\n<script type=\"application\/ld+json\" class=\"yoast-schema-graph\">{\"@context\":\"https:\/\/schema.org\",\"@graph\":[{\"@type\":\"Organization\",\"@id\":\"https:\/\/www.pojistenikladno.eu\/#organization\",\"name\":\"Poji\u0161t\u011bn\u00ed a finan\u010dn\u00ed poradenstv\u00ed Kladno\",\"url\":\"https:\/\/www.pojistenikladno.eu\/\",\"sameAs\":[\"https:\/\/www.facebook.com\/NadaKutilovaFinancniPoradenstvi\"],\"logo\":{\"@type\":\"ImageObject\",\"@id\":\"https:\/\/www.pojistenikladno.eu\/#logo\",\"inLanguage\":\"cs\",\"url\":\"https:\/\/www.pojistenikladno.eu\/wp-content\/uploads\/2019\/08\/logo_final_tm.png\",\"contentUrl\":\"https:\/\/www.pojistenikladno.eu\/wp-content\/uploads\/2019\/08\/logo_final_tm.png\",\"width\":356,\"height\":92,\"caption\":\"Poji\u0161t\u011bn\u00ed a finan\u010dn\u00ed poradenstv\u00ed Kladno\"},\"image\":{\"@id\":\"https:\/\/www.pojistenikladno.eu\/#logo\"}},{\"@type\":\"WebSite\",\"@id\":\"https:\/\/www.pojistenikladno.eu\/#website\",\"url\":\"https:\/\/www.pojistenikladno.eu\/\",\"name\":\"Poji\u0161t\u011bn\u00ed a finan\u010dn\u00ed poradenstv\u00ed Kladno\",\"description\":\"\",\"publisher\":{\"@id\":\"https:\/\/www.pojistenikladno.eu\/#organization\"},\"potentialAction\":[{\"@type\":\"SearchAction\",\"target\":{\"@type\":\"EntryPoint\",\"urlTemplate\":\"https:\/\/www.pojistenikladno.eu\/?s={search_term_string}\"},\"query-input\":\"required name=search_term_string\"}],\"inLanguage\":\"cs\"},{\"@type\":\"WebPage\",\"@id\":\"https:\/\/www.pojistenikladno.eu\/?page_id=5313#webpage\",\"url\":\"https:\/\/www.pojistenikladno.eu\/?page_id=5313\",\"name\":\"REALITN\u00cd SLU\u017dBY - Poji\u0161t\u011bn\u00ed a finan\u010dn\u00ed poradenstv\u00ed Kladno\",\"isPartOf\":{\"@id\":\"https:\/\/www.pojistenikladno.eu\/#website\"},\"datePublished\":\"2021-03-30T16:41:38+00:00\",\"dateModified\":\"2021-06-10T14:36:51+00:00\",\"breadcrumb\":{\"@id\":\"https:\/\/www.pojistenikladno.eu\/?page_id=5313#breadcrumb\"},\"inLanguage\":\"cs\",\"potentialAction\":[{\"@type\":\"ReadAction\",\"target\":[\"https:\/\/www.pojistenikladno.eu\/?page_id=5313\"]}]},{\"@type\":\"BreadcrumbList\",\"@id\":\"https:\/\/www.pojistenikladno.eu\/?page_id=5313#breadcrumb\",\"itemListElement\":[{\"@type\":\"ListItem\",\"position\":1,\"name\":\"Dom\u016f\",\"item\":\"https:\/\/www.pojistenikladno.eu\/\"},{\"@type\":\"ListItem\",\"position\":2,\"name\":\"REALITN\u00cd SLU\u017dBY\"}]}]}<\/script>\n<!-- \/ Yoast SEO plugin. -->","yoast_head_json":{"title":"REALITN\u00cd SLU\u017dBY - Poji\u0161t\u011bn\u00ed a finan\u010dn\u00ed poradenstv\u00ed Kladno","robots":{"index":"index","follow":"follow","max-snippet":"max-snippet:-1","max-image-preview":"max-image-preview:large","max-video-preview":"max-video-preview:-1"},"canonical":"https:\/\/www.pojistenikladno.eu\/?page_id=5313","og_locale":"cs_CZ","og_type":"article","og_title":"REALITN\u00cd SLU\u017dBY - Poji\u0161t\u011bn\u00ed a finan\u010dn\u00ed poradenstv\u00ed Kladno","og_description":"Pot\u0159ebujete koupit nemovitost, prodat \u010di pronajmout svoj\u00ed nemovitost? Ve spolupr\u00e1ci s m\u00fdmi partnery pro v\u00e1s zajist\u00edm kompletn\u00ed slu\u017eby spojen\u00e9 s prodejem \u010di pron\u00e1jmem nemovitosti, od odhadu tr\u017en\u00ed ceny nemovitosti, p\u0159es nafocen\u00ed, inzerci, realizaci prohl\u00eddek, prov\u011b\u0159en\u00ed z\u00e1jemce, a\u017e po samotn\u00fd prodej, pron\u00e1jem a zaji\u0161t\u011bn\u00ed ve\u0161ker\u00e9 smluvn\u00ed dokumentace. Vy se nemus\u00edte o nic starat &#8211; zajist\u00edm v\u0161e [&hellip;]","og_url":"https:\/\/www.pojistenikladno.eu\/?page_id=5313","og_site_name":"Poji\u0161t\u011bn\u00ed a finan\u010dn\u00ed poradenstv\u00ed Kladno","article_publisher":"https:\/\/www.facebook.com\/NadaKutilovaFinancniPoradenstvi","article_modified_time":"2021-06-10T14:36:51+00:00","twitter_card":"summary_large_image","twitter_misc":{"Odhadovan\u00e1 doba \u010dten\u00ed":"1 minuta"},"schema":{"@context":"https:\/\/schema.org","@graph":[{"@type":"Organization","@id":"https:\/\/www.pojistenikladno.eu\/#organization","name":"Poji\u0161t\u011bn\u00ed a finan\u010dn\u00ed poradenstv\u00ed Kladno","url":"https:\/\/www.pojistenikladno.eu\/","sameAs":["https:\/\/www.facebook.com\/NadaKutilovaFinancniPoradenstvi"],"logo":{"@type":"ImageObject","@id":"https:\/\/www.pojistenikladno.eu\/#logo","inLanguage":"cs","url":"https:\/\/www.pojistenikladno.eu\/wp-content\/uploads\/2019\/08\/logo_final_tm.png","contentUrl":"https:\/\/www.pojistenikladno.eu\/wp-content\/uploads\/2019\/08\/logo_final_tm.png","width":356,"height":92,"caption":"Poji\u0161t\u011bn\u00ed a finan\u010dn\u00ed poradenstv\u00ed Kladno"},"image":{"@id":"https:\/\/www.pojistenikladno.eu\/#logo"}},{"@type":"WebSite","@id":"https:\/\/www.pojistenikladno.eu\/#website","url":"https:\/\/www.pojistenikladno.eu\/","name":"Poji\u0161t\u011bn\u00ed a finan\u010dn\u00ed poradenstv\u00ed Kladno","description":"","publisher":{"@id":"https:\/\/www.pojistenikladno.eu\/#organization"},"potentialAction":[{"@type":"SearchAction","target":{"@type":"EntryPoint","urlTemplate":"https:\/\/www.pojistenikladno.eu\/?s={search_term_string}"},"query-input":"required name=search_term_string"}],"inLanguage":"cs"},{"@type":"WebPage","@id":"https:\/\/www.pojistenikladno.eu\/?page_id=5313#webpage","url":"https:\/\/www.pojistenikladno.eu\/?page_id=5313","name":"REALITN\u00cd SLU\u017dBY - Poji\u0161t\u011bn\u00ed a finan\u010dn\u00ed poradenstv\u00ed Kladno","isPartOf":{"@id":"https:\/\/www.pojistenikladno.eu\/#website"},"datePublished":"2021-03-30T16:41:38+00:00","dateModified":"2021-06-10T14:36:51+00:00","breadcrumb":{"@id":"https:\/\/www.pojistenikladno.eu\/?page_id=5313#breadcrumb"},"inLanguage":"cs","potentialAction":[{"@type":"ReadAction","target":["https:\/\/www.pojistenikladno.eu\/?page_id=5313"]}]},{"@type":"BreadcrumbList","@id":"https:\/\/www.pojistenikladno.eu\/?page_id=5313#breadcrumb","itemListElement":[{"@type":"ListItem","position":1,"name":"Dom\u016f","item":"https:\/\/www.pojistenikladno.eu\/"},{"@type":"ListItem","position":2,"name":"REALITN\u00cd SLU\u017dBY"}]}]}},"_links":{"self":[{"href":"https:\/\/www.pojistenikladno.eu\/index.php?rest_route=\/wp\/v2\/pages\/5313"}],"collection":[{"href":"https:\/\/www.pojistenikladno.eu\/index.php?rest_route=\/wp\/v2\/pages"}],"about":[{"href":"https:\/\/www.pojistenikladno.eu\/index.php?rest_route=\/wp\/v2\/types\/page"}],"author":[{"embeddable":true,"href":"https:\/\/www.pojistenikladno.eu\/index.php?rest_route=\/wp\/v2\/users\/1"}],"replies":[{"embeddable":true,"href":"https:\/\/www.pojistenikladno.eu\/index.php?rest_route=%2Fwp%2Fv2%2Fcomments&post=5313"}],"version-history":[{"count":13,"href":"https:\/\/www.pojistenikladno.eu\/index.php?rest_route=\/wp\/v2\/pages\/5313\/revisions"}],"predecessor-version":[{"id":5935,"href":"https:\/\/www.pojistenikladno.eu\/index.php?rest_route=\/wp\/v2\/pages\/5313\/revisions\/5935"}],"wp:attachment":[{"href":"https:\/\/www.pojistenikladno.eu\/index.php?rest_route=%2Fwp%2Fv2%2Fmedia&parent=5313"}],"curies":[{"name":"wp","href":"https:\/\/api.w.org\/{rel}","templated":true}]}}