{"id":5295,"date":"2021-03-30T17:52:34","date_gmt":"2021-03-30T15:52:34","guid":{"rendered":"https:\/\/webovkykladno.cz\/pojistenikladno\/?page_id=5295"},"modified":"2021-06-10T16:34:08","modified_gmt":"2021-06-10T14:34:08","slug":"podnikatelske-pojisteni","status":"publish","type":"page","link":"https:\/\/www.pojistenikladno.eu\/?page_id=5295","title":{"rendered":"PODNIKATELSK\u00c9 POJI\u0160T\u011aN\u00cd"},"content":{"rendered":"\t\t<div data-elementor-type=\"wp-post\" data-elementor-id=\"5295\" class=\"elementor elementor-5295\" data-elementor-settings=\"[]\">\n\t\t\t\t\t\t<div class=\"elementor-inner\">\n\t\t\t\t\t\t\t<div class=\"elementor-section-wrap\">\n\t\t\t\t\t\t\t<section class=\"elementor-section elementor-top-section elementor-element elementor-element-13d2e54c elementor-section-boxed elementor-section-height-default elementor-section-height-default\" data-id=\"13d2e54c\" data-element_type=\"section\">\n\t\t\t\t\t\t<div class=\"elementor-container elementor-column-gap-default\">\n\t\t\t\t\t\t\t<div class=\"elementor-row\">\n\t\t\t\t\t<div class=\"elementor-column elementor-col-100 elementor-top-column elementor-element elementor-element-77e75b21\" data-id=\"77e75b21\" data-element_type=\"column\">\n\t\t\t<div class=\"elementor-column-wrap elementor-element-populated\">\n\t\t\t\t\t\t\t<div class=\"elementor-widget-wrap\">\n\t\t\t\t\t\t<div class=\"elementor-element elementor-element-f2a6be7 elementor-widget elementor-widget-text-editor\" data-id=\"f2a6be7\" data-element_type=\"widget\" data-widget_type=\"text-editor.default\">\n\t\t\t\t<div class=\"elementor-widget-container\">\n\t\t\t\t\t\t\t\t<div class=\"elementor-text-editor elementor-clearfix\">\n\t\t\t\t<!-- wp:paragraph -->\n<p style=\"text-align: justify;\">Nikdo nen\u00ed neomyln\u00fd. Podnikatel\u00e9, kte\u0159\u00ed poskytuj\u00ed odborn\u00e9 slu\u017eby, mohou svou chybou zp\u016fsobit velkou \u0161kodu. M\u00edt kryt\u00ed n\u00e1sledk\u016f sv\u00e9ho mo\u017en\u00e9ho pochyben\u00ed, je proto pro n\u011b v\u011bc <strong>z\u00e1sadn\u00edho v\u00fdznamu<\/strong>. Poji\u0161t\u011bn\u00ed podnikatelsk\u00fdch rizik pom\u016f\u017ee zm\u00edrnit finan\u010dn\u00ed d\u016fsledky nep\u0159edv\u00eddateln\u00e9 ud\u00e1losti a hlavn\u011b jim umo\u017en\u00ed to, \u017ee se budou moci i nad\u00e1le v\u011bnovat sv\u00e9 pr\u00e1ci.<\/p>\n<p style=\"text-align: justify;\">U n\u011bkter\u00fdch profes\u00ed je poji\u0161t\u011bn\u00ed odpov\u011bdnosti dokonce povinn\u00e9 ze z\u00e1kona &#8211; jsou to nap\u0159\u00edklad <strong>advok\u00e1ti<\/strong>, osoby, kter\u00e9 prov\u00e1d\u011bj\u00ed nedobrovoln\u00e9 <strong>ve\u0159ejn\u00e9 dra\u017eby<\/strong>, <strong>architekti<\/strong> \u010di <strong>audito\u0159i<\/strong>.<\/p>\n<p><b>Do z\u00e1kladn\u00ed kategorie poji\u0161t\u011bn\u00ed podnikatelsk\u00fdch rizik pat\u0159\u00ed:<\/b><\/p>\n<!-- \/wp:paragraph -->\t\t\t\t\t<\/div>\n\t\t\t\t\t\t<\/div>\n\t\t\t\t<\/div>\n\t\t\t\t<div class=\"elementor-element elementor-element-ec0195b elementor-icon-list--layout-traditional elementor-list-item-link-full_width elementor-widget elementor-widget-icon-list\" data-id=\"ec0195b\" data-element_type=\"widget\" data-widget_type=\"icon-list.default\">\n\t\t\t\t<div class=\"elementor-widget-container\">\n\t\t\t\t\t<ul class=\"elementor-icon-list-items\">\n\t\t\t\t\t\t\t<li class=\"elementor-icon-list-item\">\n\t\t\t\t\t\t\t\t\t\t\t<span class=\"elementor-icon-list-icon\">\n\t\t\t\t\t\t\t<i aria-hidden=\"true\" class=\"fas fa-chevron-right\"><\/i>\t\t\t\t\t\t<\/span>\n\t\t\t\t\t\t\t\t\t\t<span class=\"elementor-icon-list-text\">Poji\u0161t\u011bn\u00ed majetku - v\u011bci movit\u00e9 i nemovitosti, technick\u00e9, obchodn\u00ed i provozn\u00ed vybaven\u00ed, cenn\u00e9 pap\u00edry, listiny, nosi\u010de dat, pen\u00edze a dal\u0161\u00ed cenn\u00e9 v\u011bci.<\/span>\n\t\t\t\t\t\t\t\t\t<\/li>\n\t\t\t\t\t\t\t\t<li class=\"elementor-icon-list-item\">\n\t\t\t\t\t\t\t\t\t\t\t<span class=\"elementor-icon-list-icon\">\n\t\t\t\t\t\t\t<i aria-hidden=\"true\" class=\"fas fa-chevron-right\"><\/i>\t\t\t\t\t\t<\/span>\n\t\t\t\t\t\t\t\t\t\t<span class=\"elementor-icon-list-text\">Poji\u0161t\u011bn\u00ed odpov\u011bdnosti za \u0161kodu - z\u00e1konn\u00e9 poji\u0161t\u011bn\u00ed odpov\u011bdnosti za \u0161kodu p\u0159i pracovn\u00edm \u00farazu nebo nemoci z povol\u00e1n\u00ed i poji\u0161t\u011bn\u00ed odpov\u011bdnosti za \u0161kodu, vypl\u00fdvaj\u00edc\u00ed z v\u00fdkonu ur\u010dit\u00e9 \u010dinnosti.<\/span>\n\t\t\t\t\t\t\t\t\t<\/li>\n\t\t\t\t\t\t\t\t<li class=\"elementor-icon-list-item\">\n\t\t\t\t\t\t\t\t\t\t\t<span class=\"elementor-icon-list-icon\">\n\t\t\t\t\t\t\t<i aria-hidden=\"true\" class=\"fas fa-chevron-right\"><\/i>\t\t\t\t\t\t<\/span>\n\t\t\t\t\t\t\t\t\t\t<span class=\"elementor-icon-list-text\">Poji\u0161t\u011bn\u00ed pr\u00e1vn\u00ed ochrany - je ur\u010den\u00e9 na kryt\u00ed finan\u010dn\u00edch n\u00e1klad\u016f za soudn\u00ed spory a n\u00e1klad\u016f spojen\u00fdch s prosazen\u00edm pr\u00e1vn\u00edch z\u00e1jm\u016f poji\u0161t\u011bn\u00e9ho, v\u017edy v souvislosti s podnikatelskou \u010dinnost\u00ed.<\/span>\n\t\t\t\t\t\t\t\t\t<\/li>\n\t\t\t\t\t\t\t\t<li class=\"elementor-icon-list-item\">\n\t\t\t\t\t\t\t\t\t\t\t<span class=\"elementor-icon-list-icon\">\n\t\t\t\t\t\t\t<i aria-hidden=\"true\" class=\"fas fa-chevron-right\"><\/i>\t\t\t\t\t\t<\/span>\n\t\t\t\t\t\t\t\t\t\t<span class=\"elementor-icon-list-text\">Poji\u0161t\u011bn\u00ed finan\u010dn\u00edch ztr\u00e1t - pro p\u0159\u00edpad majetkov\u00e9 \u00fajmy poji\u0161t\u011bn\u00e9ho, k n\u00ed\u017e dojde vlivem obchodn\u00edch a podnikatelsk\u00fdch rizik (nep\u0159\u00edze\u0148 po\u010das\u00ed, p\u0159eru\u0161en\u00ed provozu, atd.).<\/span>\n\t\t\t\t\t\t\t\t\t<\/li>\n\t\t\t\t\t\t\t\t<li class=\"elementor-icon-list-item\">\n\t\t\t\t\t\t\t\t\t\t\t<span class=\"elementor-icon-list-icon\">\n\t\t\t\t\t\t\t<i aria-hidden=\"true\" class=\"fas fa-chevron-right\"><\/i>\t\t\t\t\t\t<\/span>\n\t\t\t\t\t\t\t\t\t\t<span class=\"elementor-icon-list-text\">Poji\u0161t\u011bn\u00ed pohled\u00e1vek - vztahuje se na ztr\u00e1ty, kter\u00e9 vzniknou nezaplacen\u00edm zbo\u017e\u00ed nebo slu\u017eeb.<\/span>\n\t\t\t\t\t\t\t\t\t<\/li>\n\t\t\t\t\t\t<\/ul>\n\t\t\t\t<\/div>\n\t\t\t\t<\/div>\n\t\t\t\t<div class=\"elementor-element elementor-element-8c9f4ce elementor-widget elementor-widget-spacer\" data-id=\"8c9f4ce\" data-element_type=\"widget\" data-widget_type=\"spacer.default\">\n\t\t\t\t<div class=\"elementor-widget-container\">\n\t\t\t\t\t<div class=\"elementor-spacer\">\n\t\t\t<div class=\"elementor-spacer-inner\"><\/div>\n\t\t<\/div>\n\t\t\t\t<\/div>\n\t\t\t\t<\/div>\n\t\t\t\t<div class=\"elementor-element elementor-element-904d6a6 elementor-widget elementor-widget-text-editor\" data-id=\"904d6a6\" data-element_type=\"widget\" data-widget_type=\"text-editor.default\">\n\t\t\t\t<div class=\"elementor-widget-container\">\n\t\t\t\t\t\t\t\t<div class=\"elementor-text-editor elementor-clearfix\">\n\t\t\t\t<p style=\"text-align: justify;\">Pojistn\u00fd trh se v t\u00e9to &#8222;kategorii&#8220; dynamicky rozv\u00edj\u00ed a tak neust\u00e1le p\u0159ib\u00fdvaj\u00ed nov\u00e9 mo\u017enosti a vznik\u00e1 \u0159ada nov\u00fdch pojistn\u00fdch produkt\u016f.\u00a0\u00a0 Vhodnou kombinac\u00ed jednotliv\u00fdch druh\u016f poji\u0161t\u011bn\u00ed se d\u00e1 zajistit komplexn\u00ed ochrana jak\u00fdchkoli podnikatelsk\u00fdch aktivit\u00a0 &#8211; od drobn\u00fdch \u017eivnostn\u00edk\u016f, a\u017e po velk\u00e9 pr\u016fmyslov\u00e9 podniky.<\/p>\t\t\t\t\t<\/div>\n\t\t\t\t\t\t<\/div>\n\t\t\t\t<\/div>\n\t\t\t\t<div class=\"elementor-element elementor-element-ea0b3a4 elementor-widget elementor-widget-heading\" data-id=\"ea0b3a4\" data-element_type=\"widget\" data-widget_type=\"heading.default\">\n\t\t\t\t<div class=\"elementor-widget-container\">\n\t\t\t<h2 class=\"elementor-heading-title elementor-size-default\">Hlavn\u00ed v\u00fdhody spolupr\u00e1ce?<\/h2>\t\t<\/div>\n\t\t\t\t<\/div>\n\t\t\t\t<div class=\"elementor-element elementor-element-6803f63 elementor-icon-list--layout-traditional elementor-list-item-link-full_width elementor-widget elementor-widget-icon-list\" data-id=\"6803f63\" data-element_type=\"widget\" data-widget_type=\"icon-list.default\">\n\t\t\t\t<div class=\"elementor-widget-container\">\n\t\t\t\t\t<ul class=\"elementor-icon-list-items\">\n\t\t\t\t\t\t\t<li class=\"elementor-icon-list-item\">\n\t\t\t\t\t\t\t\t\t\t\t<span class=\"elementor-icon-list-icon\">\n\t\t\t\t\t\t\t<i aria-hidden=\"true\" class=\"fas fa-check\"><\/i>\t\t\t\t\t\t<\/span>\n\t\t\t\t\t\t\t\t\t\t<span class=\"elementor-icon-list-text\">Spole\u010dn\u011b najdeme optim\u00e1ln\u00ed \u0159e\u0161en\u00ed p\u0159esn\u011b pro V\u00e1\u0161 typ podnik\u00e1n\u00ed<\/span>\n\t\t\t\t\t\t\t\t\t<\/li>\n\t\t\t\t\t\t\t\t<li class=\"elementor-icon-list-item\">\n\t\t\t\t\t\t\t\t\t\t\t<span class=\"elementor-icon-list-icon\">\n\t\t\t\t\t\t\t<i aria-hidden=\"true\" class=\"fas fa-check\"><\/i>\t\t\t\t\t\t<\/span>\n\t\t\t\t\t\t\t\t\t\t<span class=\"elementor-icon-list-text\">Rozsah poji\u0161t\u011bn\u00ed si zvol\u00edte sami dle vlastn\u00edch pot\u0159eb<\/span>\n\t\t\t\t\t\t\t\t\t<\/li>\n\t\t\t\t\t\t\t\t<li class=\"elementor-icon-list-item\">\n\t\t\t\t\t\t\t\t\t\t\t<span class=\"elementor-icon-list-icon\">\n\t\t\t\t\t\t\t<i aria-hidden=\"true\" class=\"fas fa-check\"><\/i>\t\t\t\t\t\t<\/span>\n\t\t\t\t\t\t\t\t\t\t<span class=\"elementor-icon-list-text\">V\u0161echna poji\u0161t\u011bn\u00ed sjedn\u00e1te jednou smlouvou<\/span>\n\t\t\t\t\t\t\t\t\t<\/li>\n\t\t\t\t\t\t\t\t<li class=\"elementor-icon-list-item\">\n\t\t\t\t\t\t\t\t\t\t\t<span class=\"elementor-icon-list-icon\">\n\t\t\t\t\t\t\t<i aria-hidden=\"true\" class=\"fas fa-check\"><\/i>\t\t\t\t\t\t<\/span>\n\t\t\t\t\t\t\t\t\t\t<span class=\"elementor-icon-list-text\">Flexibiln\u011b si m\u016f\u017eete upravit, co a v jak\u00e9 v\u00fd\u0161i chcete pojistit<\/span>\n\t\t\t\t\t\t\t\t\t<\/li>\n\t\t\t\t\t\t<\/ul>\n\t\t\t\t<\/div>\n\t\t\t\t<\/div>\n\t\t\t\t\t\t<\/div>\n\t\t\t\t\t<\/div>\n\t\t<\/div>\n\t\t\t\t\t\t\t\t<\/div>\n\t\t\t\t\t<\/div>\n\t\t<\/section>\n\t\t\t\t\t\t<\/div>\n\t\t\t\t\t\t<\/div>\n\t\t\t\t\t<\/div>\n\t\t","protected":false},"excerpt":{"rendered":"<p>Nikdo nen\u00ed neomyln\u00fd. Podnikatel\u00e9, kte\u0159\u00ed poskytuj\u00ed odborn\u00e9 slu\u017eby, mohou svou chybou zp\u016fsobit velkou \u0161kodu. M\u00edt kryt\u00ed n\u00e1sledk\u016f sv\u00e9ho mo\u017en\u00e9ho pochyben\u00ed, je proto pro n\u011b v\u011bc z\u00e1sadn\u00edho v\u00fdznamu. Poji\u0161t\u011bn\u00ed podnikatelsk\u00fdch rizik pom\u016f\u017ee zm\u00edrnit finan\u010dn\u00ed d\u016fsledky nep\u0159edv\u00eddateln\u00e9 ud\u00e1losti a hlavn\u011b jim umo\u017en\u00ed to, \u017ee se budou moci i nad\u00e1le v\u011bnovat sv\u00e9 pr\u00e1ci. U n\u011bkter\u00fdch profes\u00ed je poji\u0161t\u011bn\u00ed [&hellip;]<\/p>\n","protected":false},"author":1,"featured_media":0,"parent":0,"menu_order":0,"comment_status":"closed","ping_status":"open","template":"","meta":{"_mi_skip_tracking":false},"yoast_head":"<!-- This site is optimized with the Yoast SEO plugin v18.1 - https:\/\/yoast.com\/wordpress\/plugins\/seo\/ -->\n<title>PODNIKATELSK\u00c9 POJI\u0160T\u011aN\u00cd - Poji\u0161t\u011bn\u00ed a finan\u010dn\u00ed poradenstv\u00ed Kladno<\/title>\n<meta name=\"robots\" content=\"index, follow, max-snippet:-1, max-image-preview:large, max-video-preview:-1\" \/>\n<link rel=\"canonical\" href=\"https:\/\/www.pojistenikladno.eu\/?page_id=5295\" \/>\n<meta property=\"og:locale\" content=\"cs_CZ\" \/>\n<meta property=\"og:type\" content=\"article\" \/>\n<meta property=\"og:title\" content=\"PODNIKATELSK\u00c9 POJI\u0160T\u011aN\u00cd - Poji\u0161t\u011bn\u00ed a finan\u010dn\u00ed poradenstv\u00ed Kladno\" \/>\n<meta property=\"og:description\" content=\"Nikdo nen\u00ed neomyln\u00fd. Podnikatel\u00e9, kte\u0159\u00ed poskytuj\u00ed odborn\u00e9 slu\u017eby, mohou svou chybou zp\u016fsobit velkou \u0161kodu. M\u00edt kryt\u00ed n\u00e1sledk\u016f sv\u00e9ho mo\u017en\u00e9ho pochyben\u00ed, je proto pro n\u011b v\u011bc z\u00e1sadn\u00edho v\u00fdznamu. Poji\u0161t\u011bn\u00ed podnikatelsk\u00fdch rizik pom\u016f\u017ee zm\u00edrnit finan\u010dn\u00ed d\u016fsledky nep\u0159edv\u00eddateln\u00e9 ud\u00e1losti a hlavn\u011b jim umo\u017en\u00ed to, \u017ee se budou moci i nad\u00e1le v\u011bnovat sv\u00e9 pr\u00e1ci. U n\u011bkter\u00fdch profes\u00ed je poji\u0161t\u011bn\u00ed [&hellip;]\" \/>\n<meta property=\"og:url\" content=\"https:\/\/www.pojistenikladno.eu\/?page_id=5295\" \/>\n<meta property=\"og:site_name\" content=\"Poji\u0161t\u011bn\u00ed a finan\u010dn\u00ed poradenstv\u00ed Kladno\" \/>\n<meta property=\"article:publisher\" content=\"https:\/\/www.facebook.com\/NadaKutilovaFinancniPoradenstvi\" \/>\n<meta property=\"article:modified_time\" content=\"2021-06-10T14:34:08+00:00\" \/>\n<meta name=\"twitter:card\" content=\"summary_large_image\" \/>\n<meta name=\"twitter:label1\" content=\"Odhadovan\u00e1 doba \u010dten\u00ed\" \/>\n\t<meta name=\"twitter:data1\" content=\"2 minuty\" \/>\n<script type=\"application\/ld+json\" class=\"yoast-schema-graph\">{\"@context\":\"https:\/\/schema.org\",\"@graph\":[{\"@type\":\"Organization\",\"@id\":\"https:\/\/www.pojistenikladno.eu\/#organization\",\"name\":\"Poji\u0161t\u011bn\u00ed a finan\u010dn\u00ed poradenstv\u00ed Kladno\",\"url\":\"https:\/\/www.pojistenikladno.eu\/\",\"sameAs\":[\"https:\/\/www.facebook.com\/NadaKutilovaFinancniPoradenstvi\"],\"logo\":{\"@type\":\"ImageObject\",\"@id\":\"https:\/\/www.pojistenikladno.eu\/#logo\",\"inLanguage\":\"cs\",\"url\":\"https:\/\/www.pojistenikladno.eu\/wp-content\/uploads\/2019\/08\/logo_final_tm.png\",\"contentUrl\":\"https:\/\/www.pojistenikladno.eu\/wp-content\/uploads\/2019\/08\/logo_final_tm.png\",\"width\":356,\"height\":92,\"caption\":\"Poji\u0161t\u011bn\u00ed a finan\u010dn\u00ed poradenstv\u00ed Kladno\"},\"image\":{\"@id\":\"https:\/\/www.pojistenikladno.eu\/#logo\"}},{\"@type\":\"WebSite\",\"@id\":\"https:\/\/www.pojistenikladno.eu\/#website\",\"url\":\"https:\/\/www.pojistenikladno.eu\/\",\"name\":\"Poji\u0161t\u011bn\u00ed a finan\u010dn\u00ed poradenstv\u00ed Kladno\",\"description\":\"\",\"publisher\":{\"@id\":\"https:\/\/www.pojistenikladno.eu\/#organization\"},\"potentialAction\":[{\"@type\":\"SearchAction\",\"target\":{\"@type\":\"EntryPoint\",\"urlTemplate\":\"https:\/\/www.pojistenikladno.eu\/?s={search_term_string}\"},\"query-input\":\"required name=search_term_string\"}],\"inLanguage\":\"cs\"},{\"@type\":\"WebPage\",\"@id\":\"https:\/\/www.pojistenikladno.eu\/?page_id=5295#webpage\",\"url\":\"https:\/\/www.pojistenikladno.eu\/?page_id=5295\",\"name\":\"PODNIKATELSK\u00c9 POJI\u0160T\u011aN\u00cd - Poji\u0161t\u011bn\u00ed a finan\u010dn\u00ed poradenstv\u00ed Kladno\",\"isPartOf\":{\"@id\":\"https:\/\/www.pojistenikladno.eu\/#website\"},\"datePublished\":\"2021-03-30T15:52:34+00:00\",\"dateModified\":\"2021-06-10T14:34:08+00:00\",\"breadcrumb\":{\"@id\":\"https:\/\/www.pojistenikladno.eu\/?page_id=5295#breadcrumb\"},\"inLanguage\":\"cs\",\"potentialAction\":[{\"@type\":\"ReadAction\",\"target\":[\"https:\/\/www.pojistenikladno.eu\/?page_id=5295\"]}]},{\"@type\":\"BreadcrumbList\",\"@id\":\"https:\/\/www.pojistenikladno.eu\/?page_id=5295#breadcrumb\",\"itemListElement\":[{\"@type\":\"ListItem\",\"position\":1,\"name\":\"Dom\u016f\",\"item\":\"https:\/\/www.pojistenikladno.eu\/\"},{\"@type\":\"ListItem\",\"position\":2,\"name\":\"PODNIKATELSK\u00c9 POJI\u0160T\u011aN\u00cd\"}]}]}<\/script>\n<!-- \/ Yoast SEO plugin. -->","yoast_head_json":{"title":"PODNIKATELSK\u00c9 POJI\u0160T\u011aN\u00cd - Poji\u0161t\u011bn\u00ed a finan\u010dn\u00ed poradenstv\u00ed Kladno","robots":{"index":"index","follow":"follow","max-snippet":"max-snippet:-1","max-image-preview":"max-image-preview:large","max-video-preview":"max-video-preview:-1"},"canonical":"https:\/\/www.pojistenikladno.eu\/?page_id=5295","og_locale":"cs_CZ","og_type":"article","og_title":"PODNIKATELSK\u00c9 POJI\u0160T\u011aN\u00cd - Poji\u0161t\u011bn\u00ed a finan\u010dn\u00ed poradenstv\u00ed Kladno","og_description":"Nikdo nen\u00ed neomyln\u00fd. Podnikatel\u00e9, kte\u0159\u00ed poskytuj\u00ed odborn\u00e9 slu\u017eby, mohou svou chybou zp\u016fsobit velkou \u0161kodu. M\u00edt kryt\u00ed n\u00e1sledk\u016f sv\u00e9ho mo\u017en\u00e9ho pochyben\u00ed, je proto pro n\u011b v\u011bc z\u00e1sadn\u00edho v\u00fdznamu. Poji\u0161t\u011bn\u00ed podnikatelsk\u00fdch rizik pom\u016f\u017ee zm\u00edrnit finan\u010dn\u00ed d\u016fsledky nep\u0159edv\u00eddateln\u00e9 ud\u00e1losti a hlavn\u011b jim umo\u017en\u00ed to, \u017ee se budou moci i nad\u00e1le v\u011bnovat sv\u00e9 pr\u00e1ci. U n\u011bkter\u00fdch profes\u00ed je poji\u0161t\u011bn\u00ed [&hellip;]","og_url":"https:\/\/www.pojistenikladno.eu\/?page_id=5295","og_site_name":"Poji\u0161t\u011bn\u00ed a finan\u010dn\u00ed poradenstv\u00ed Kladno","article_publisher":"https:\/\/www.facebook.com\/NadaKutilovaFinancniPoradenstvi","article_modified_time":"2021-06-10T14:34:08+00:00","twitter_card":"summary_large_image","twitter_misc":{"Odhadovan\u00e1 doba \u010dten\u00ed":"2 minuty"},"schema":{"@context":"https:\/\/schema.org","@graph":[{"@type":"Organization","@id":"https:\/\/www.pojistenikladno.eu\/#organization","name":"Poji\u0161t\u011bn\u00ed a finan\u010dn\u00ed poradenstv\u00ed Kladno","url":"https:\/\/www.pojistenikladno.eu\/","sameAs":["https:\/\/www.facebook.com\/NadaKutilovaFinancniPoradenstvi"],"logo":{"@type":"ImageObject","@id":"https:\/\/www.pojistenikladno.eu\/#logo","inLanguage":"cs","url":"https:\/\/www.pojistenikladno.eu\/wp-content\/uploads\/2019\/08\/logo_final_tm.png","contentUrl":"https:\/\/www.pojistenikladno.eu\/wp-content\/uploads\/2019\/08\/logo_final_tm.png","width":356,"height":92,"caption":"Poji\u0161t\u011bn\u00ed a finan\u010dn\u00ed poradenstv\u00ed Kladno"},"image":{"@id":"https:\/\/www.pojistenikladno.eu\/#logo"}},{"@type":"WebSite","@id":"https:\/\/www.pojistenikladno.eu\/#website","url":"https:\/\/www.pojistenikladno.eu\/","name":"Poji\u0161t\u011bn\u00ed a finan\u010dn\u00ed poradenstv\u00ed Kladno","description":"","publisher":{"@id":"https:\/\/www.pojistenikladno.eu\/#organization"},"potentialAction":[{"@type":"SearchAction","target":{"@type":"EntryPoint","urlTemplate":"https:\/\/www.pojistenikladno.eu\/?s={search_term_string}"},"query-input":"required name=search_term_string"}],"inLanguage":"cs"},{"@type":"WebPage","@id":"https:\/\/www.pojistenikladno.eu\/?page_id=5295#webpage","url":"https:\/\/www.pojistenikladno.eu\/?page_id=5295","name":"PODNIKATELSK\u00c9 POJI\u0160T\u011aN\u00cd - Poji\u0161t\u011bn\u00ed a finan\u010dn\u00ed poradenstv\u00ed Kladno","isPartOf":{"@id":"https:\/\/www.pojistenikladno.eu\/#website"},"datePublished":"2021-03-30T15:52:34+00:00","dateModified":"2021-06-10T14:34:08+00:00","breadcrumb":{"@id":"https:\/\/www.pojistenikladno.eu\/?page_id=5295#breadcrumb"},"inLanguage":"cs","potentialAction":[{"@type":"ReadAction","target":["https:\/\/www.pojistenikladno.eu\/?page_id=5295"]}]},{"@type":"BreadcrumbList","@id":"https:\/\/www.pojistenikladno.eu\/?page_id=5295#breadcrumb","itemListElement":[{"@type":"ListItem","position":1,"name":"Dom\u016f","item":"https:\/\/www.pojistenikladno.eu\/"},{"@type":"ListItem","position":2,"name":"PODNIKATELSK\u00c9 POJI\u0160T\u011aN\u00cd"}]}]}},"_links":{"self":[{"href":"https:\/\/www.pojistenikladno.eu\/index.php?rest_route=\/wp\/v2\/pages\/5295"}],"collection":[{"href":"https:\/\/www.pojistenikladno.eu\/index.php?rest_route=\/wp\/v2\/pages"}],"about":[{"href":"https:\/\/www.pojistenikladno.eu\/index.php?rest_route=\/wp\/v2\/types\/page"}],"author":[{"embeddable":true,"href":"https:\/\/www.pojistenikladno.eu\/index.php?rest_route=\/wp\/v2\/users\/1"}],"replies":[{"embeddable":true,"href":"https:\/\/www.pojistenikladno.eu\/index.php?rest_route=%2Fwp%2Fv2%2Fcomments&post=5295"}],"version-history":[{"count":7,"href":"https:\/\/www.pojistenikladno.eu\/index.php?rest_route=\/wp\/v2\/pages\/5295\/revisions"}],"predecessor-version":[{"id":5923,"href":"https:\/\/www.pojistenikladno.eu\/index.php?rest_route=\/wp\/v2\/pages\/5295\/revisions\/5923"}],"wp:attachment":[{"href":"https:\/\/www.pojistenikladno.eu\/index.php?rest_route=%2Fwp%2Fv2%2Fmedia&parent=5295"}],"curies":[{"name":"wp","href":"https:\/\/api.w.org\/{rel}","templated":true}]}}