{"id":5287,"date":"2021-03-29T20:04:06","date_gmt":"2021-03-29T18:04:06","guid":{"rendered":"https:\/\/webovkykladno.cz\/pojistenikladno\/?page_id=5287"},"modified":"2021-06-10T16:35:37","modified_gmt":"2021-06-10T14:35:37","slug":"osobni-a-rodinne-finance","status":"publish","type":"page","link":"https:\/\/www.pojistenikladno.eu\/?page_id=5287","title":{"rendered":"OSOBN\u00cd A RODINN\u00c9 FINANCE"},"content":{"rendered":"\t\t<div data-elementor-type=\"wp-post\" data-elementor-id=\"5287\" class=\"elementor elementor-5287\" data-elementor-settings=\"[]\">\n\t\t\t\t\t\t<div class=\"elementor-inner\">\n\t\t\t\t\t\t\t<div class=\"elementor-section-wrap\">\n\t\t\t\t\t\t\t<section class=\"elementor-section elementor-top-section elementor-element elementor-element-13d2e54c elementor-section-boxed elementor-section-height-default elementor-section-height-default\" data-id=\"13d2e54c\" data-element_type=\"section\">\n\t\t\t\t\t\t<div class=\"elementor-container elementor-column-gap-default\">\n\t\t\t\t\t\t\t<div class=\"elementor-row\">\n\t\t\t\t\t<div class=\"elementor-column elementor-col-100 elementor-top-column elementor-element elementor-element-77e75b21\" data-id=\"77e75b21\" data-element_type=\"column\">\n\t\t\t<div class=\"elementor-column-wrap elementor-element-populated\">\n\t\t\t\t\t\t\t<div class=\"elementor-widget-wrap\">\n\t\t\t\t\t\t<div class=\"elementor-element elementor-element-f2a6be7 elementor-widget elementor-widget-text-editor\" data-id=\"f2a6be7\" data-element_type=\"widget\" data-widget_type=\"text-editor.default\">\n\t\t\t\t<div class=\"elementor-widget-container\">\n\t\t\t\t\t\t\t\t<div class=\"elementor-text-editor elementor-clearfix\">\n\t\t\t\t<!-- wp:paragraph -->\n<p style=\"text-align: justify;\">Nab\u00edz\u00edm kompletn\u00ed p\u00e9\u010di Va\u0161e finance. Na z\u00e1klad\u011b va\u0161ich \u017eivotn\u00edch c\u00edl\u016f sestav\u00edm individu\u00e1ln\u00ed Finan\u010dn\u00ed pl\u00e1n.<\/p>\n<p style=\"text-align: justify;\">Ka\u017ed\u00e1 f\u00e1ze \u017eivotn\u00edho cyklu \u010dlov\u011bka p\u0159in\u00e1\u0161\u00ed jin\u00e9 po\u017eadavky a jin\u00e9 pot\u0159eby, n\u011bkdy v\u00e1h\u00e1me se sv\u00fdm rozhodnut\u00edm jak a kam nejl\u00e9pe investovat, abychom p\u0159ede\u0161li finan\u010dn\u00ed t\u00edsni.<\/p>\n<p style=\"text-align: justify;\">L\u00e1kav\u00e9 nab\u00eddky m\u00e9di\u00ed a bank neb\u00fdvaj\u00ed v\u017edy nejlep\u0161\u00edm doporu\u010den\u00edm pr\u00e1v\u011b vzhledem k na\u0161\u00ed konkr\u00e9tn\u00ed finan\u010dn\u00ed situaci.\u00a0<\/p>\n<p style=\"text-align: justify;\">Jednou ro\u010dn\u011b doporu\u010duji prov\u00e9st aktualizaci Finan\u010dn\u00edho pl\u00e1nu. Ro\u010dn\u00ed rekapitulace bere v potaz aktu\u00e1ln\u00ed \u017eivotn\u00ed ud\u00e1losti (nap\u0159. narozen\u00ed d\u00edt\u011bte, ztr\u00e1ta zam\u011bstn\u00e1n\u00ed, svatba nebo naopak rozvod)<\/p>\n<!-- \/wp:paragraph -->\t\t\t\t\t<\/div>\n\t\t\t\t\t\t<\/div>\n\t\t\t\t<\/div>\n\t\t\t\t<div class=\"elementor-element elementor-element-ea0b3a4 elementor-widget elementor-widget-heading\" data-id=\"ea0b3a4\" data-element_type=\"widget\" data-widget_type=\"heading.default\">\n\t\t\t\t<div class=\"elementor-widget-container\">\n\t\t\t<h2 class=\"elementor-heading-title elementor-size-default\">Hlavn\u00ed v\u00fdhody spolupr\u00e1ce?<\/h2>\t\t<\/div>\n\t\t\t\t<\/div>\n\t\t\t\t<div class=\"elementor-element elementor-element-6803f63 elementor-icon-list--layout-traditional elementor-list-item-link-full_width elementor-widget elementor-widget-icon-list\" data-id=\"6803f63\" data-element_type=\"widget\" data-widget_type=\"icon-list.default\">\n\t\t\t\t<div class=\"elementor-widget-container\">\n\t\t\t\t\t<ul class=\"elementor-icon-list-items\">\n\t\t\t\t\t\t\t<li class=\"elementor-icon-list-item\">\n\t\t\t\t\t\t\t\t\t\t\t<span class=\"elementor-icon-list-icon\">\n\t\t\t\t\t\t\t<i aria-hidden=\"true\" class=\"fas fa-check\"><\/i>\t\t\t\t\t\t<\/span>\n\t\t\t\t\t\t\t\t\t\t<span class=\"elementor-icon-list-text\">P\u00e9\u010de o rodinn\u00e9 finance certifikovan\u00fdm specialistou<\/span>\n\t\t\t\t\t\t\t\t\t<\/li>\n\t\t\t\t\t\t\t\t<li class=\"elementor-icon-list-item\">\n\t\t\t\t\t\t\t\t\t\t\t<span class=\"elementor-icon-list-icon\">\n\t\t\t\t\t\t\t<i aria-hidden=\"true\" class=\"fas fa-check\"><\/i>\t\t\t\t\t\t<\/span>\n\t\t\t\t\t\t\t\t\t\t<span class=\"elementor-icon-list-text\">Sestav\u00edm individu\u00e1ln\u00ed Finan\u010dn\u00ed pl\u00e1n<\/span>\n\t\t\t\t\t\t\t\t\t<\/li>\n\t\t\t\t\t\t\t\t<li class=\"elementor-icon-list-item\">\n\t\t\t\t\t\t\t\t\t\t\t<span class=\"elementor-icon-list-icon\">\n\t\t\t\t\t\t\t<i aria-hidden=\"true\" class=\"fas fa-check\"><\/i>\t\t\t\t\t\t<\/span>\n\t\t\t\t\t\t\t\t\t\t<span class=\"elementor-icon-list-text\">Sestav\u00edm investi\u010dn\u00ed pl\u00e1n zam\u011b\u0159en\u00fd na vlastn\u00ed c\u00edle klienta<\/span>\n\t\t\t\t\t\t\t\t\t<\/li>\n\t\t\t\t\t\t\t\t<li class=\"elementor-icon-list-item\">\n\t\t\t\t\t\t\t\t\t\t\t<span class=\"elementor-icon-list-icon\">\n\t\t\t\t\t\t\t<i aria-hidden=\"true\" class=\"fas fa-check\"><\/i>\t\t\t\t\t\t<\/span>\n\t\t\t\t\t\t\t\t\t\t<span class=\"elementor-icon-list-text\">Vyhodnot\u00edm v\u00fdkonnosti investi\u010dn\u00edch produkt\u016f<\/span>\n\t\t\t\t\t\t\t\t\t<\/li>\n\t\t\t\t\t\t\t\t<li class=\"elementor-icon-list-item\">\n\t\t\t\t\t\t\t\t\t\t\t<span class=\"elementor-icon-list-icon\">\n\t\t\t\t\t\t\t<i aria-hidden=\"true\" class=\"fas fa-check\"><\/i>\t\t\t\t\t\t<\/span>\n\t\t\t\t\t\t\t\t\t\t<span class=\"elementor-icon-list-text\">Aktualizuji finan\u010dn\u00edch produkty<\/span>\n\t\t\t\t\t\t\t\t\t<\/li>\n\t\t\t\t\t\t\t\t<li class=\"elementor-icon-list-item\">\n\t\t\t\t\t\t\t\t\t\t\t<span class=\"elementor-icon-list-icon\">\n\t\t\t\t\t\t\t<i aria-hidden=\"true\" class=\"fas fa-check\"><\/i>\t\t\t\t\t\t<\/span>\n\t\t\t\t\t\t\t\t\t\t<span class=\"elementor-icon-list-text\">Vy\u0159\u00edd\u00edm ve\u0161kerou pot\u0159ebnou administrativu<\/span>\n\t\t\t\t\t\t\t\t\t<\/li>\n\t\t\t\t\t\t<\/ul>\n\t\t\t\t<\/div>\n\t\t\t\t<\/div>\n\t\t\t\t\t\t<\/div>\n\t\t\t\t\t<\/div>\n\t\t<\/div>\n\t\t\t\t\t\t\t\t<\/div>\n\t\t\t\t\t<\/div>\n\t\t<\/section>\n\t\t\t\t\t\t<\/div>\n\t\t\t\t\t\t<\/div>\n\t\t\t\t\t<\/div>\n\t\t","protected":false},"excerpt":{"rendered":"<p>Nab\u00edz\u00edm kompletn\u00ed p\u00e9\u010di Va\u0161e finance. Na z\u00e1klad\u011b va\u0161ich \u017eivotn\u00edch c\u00edl\u016f sestav\u00edm individu\u00e1ln\u00ed Finan\u010dn\u00ed pl\u00e1n. Ka\u017ed\u00e1 f\u00e1ze \u017eivotn\u00edho cyklu \u010dlov\u011bka p\u0159in\u00e1\u0161\u00ed jin\u00e9 po\u017eadavky a jin\u00e9 pot\u0159eby, n\u011bkdy v\u00e1h\u00e1me se sv\u00fdm rozhodnut\u00edm jak a kam nejl\u00e9pe investovat, abychom p\u0159ede\u0161li finan\u010dn\u00ed t\u00edsni. L\u00e1kav\u00e9 nab\u00eddky m\u00e9di\u00ed a bank neb\u00fdvaj\u00ed v\u017edy nejlep\u0161\u00edm doporu\u010den\u00edm pr\u00e1v\u011b vzhledem k na\u0161\u00ed konkr\u00e9tn\u00ed finan\u010dn\u00ed situaci.\u00a0 [&hellip;]<\/p>\n","protected":false},"author":1,"featured_media":0,"parent":0,"menu_order":0,"comment_status":"closed","ping_status":"open","template":"","meta":{"_mi_skip_tracking":false},"yoast_head":"<!-- This site is optimized with the Yoast SEO plugin v18.1 - https:\/\/yoast.com\/wordpress\/plugins\/seo\/ -->\n<title>OSOBN\u00cd A RODINN\u00c9 FINANCE - Poji\u0161t\u011bn\u00ed a finan\u010dn\u00ed poradenstv\u00ed Kladno<\/title>\n<meta name=\"robots\" content=\"index, follow, max-snippet:-1, max-image-preview:large, max-video-preview:-1\" \/>\n<link rel=\"canonical\" href=\"https:\/\/www.pojistenikladno.eu\/?page_id=5287\" \/>\n<meta property=\"og:locale\" content=\"cs_CZ\" \/>\n<meta property=\"og:type\" content=\"article\" \/>\n<meta property=\"og:title\" content=\"OSOBN\u00cd A RODINN\u00c9 FINANCE - Poji\u0161t\u011bn\u00ed a finan\u010dn\u00ed poradenstv\u00ed Kladno\" \/>\n<meta property=\"og:description\" content=\"Nab\u00edz\u00edm kompletn\u00ed p\u00e9\u010di Va\u0161e finance. Na z\u00e1klad\u011b va\u0161ich \u017eivotn\u00edch c\u00edl\u016f sestav\u00edm individu\u00e1ln\u00ed Finan\u010dn\u00ed pl\u00e1n. Ka\u017ed\u00e1 f\u00e1ze \u017eivotn\u00edho cyklu \u010dlov\u011bka p\u0159in\u00e1\u0161\u00ed jin\u00e9 po\u017eadavky a jin\u00e9 pot\u0159eby, n\u011bkdy v\u00e1h\u00e1me se sv\u00fdm rozhodnut\u00edm jak a kam nejl\u00e9pe investovat, abychom p\u0159ede\u0161li finan\u010dn\u00ed t\u00edsni. L\u00e1kav\u00e9 nab\u00eddky m\u00e9di\u00ed a bank neb\u00fdvaj\u00ed v\u017edy nejlep\u0161\u00edm doporu\u010den\u00edm pr\u00e1v\u011b vzhledem k na\u0161\u00ed konkr\u00e9tn\u00ed finan\u010dn\u00ed situaci.\u00a0 [&hellip;]\" \/>\n<meta property=\"og:url\" content=\"https:\/\/www.pojistenikladno.eu\/?page_id=5287\" \/>\n<meta property=\"og:site_name\" content=\"Poji\u0161t\u011bn\u00ed a finan\u010dn\u00ed poradenstv\u00ed Kladno\" \/>\n<meta property=\"article:publisher\" content=\"https:\/\/www.facebook.com\/NadaKutilovaFinancniPoradenstvi\" \/>\n<meta property=\"article:modified_time\" content=\"2021-06-10T14:35:37+00:00\" \/>\n<meta name=\"twitter:card\" content=\"summary_large_image\" \/>\n<meta name=\"twitter:label1\" content=\"Odhadovan\u00e1 doba \u010dten\u00ed\" \/>\n\t<meta name=\"twitter:data1\" content=\"1 minuta\" \/>\n<script type=\"application\/ld+json\" class=\"yoast-schema-graph\">{\"@context\":\"https:\/\/schema.org\",\"@graph\":[{\"@type\":\"Organization\",\"@id\":\"https:\/\/www.pojistenikladno.eu\/#organization\",\"name\":\"Poji\u0161t\u011bn\u00ed a finan\u010dn\u00ed poradenstv\u00ed Kladno\",\"url\":\"https:\/\/www.pojistenikladno.eu\/\",\"sameAs\":[\"https:\/\/www.facebook.com\/NadaKutilovaFinancniPoradenstvi\"],\"logo\":{\"@type\":\"ImageObject\",\"@id\":\"https:\/\/www.pojistenikladno.eu\/#logo\",\"inLanguage\":\"cs\",\"url\":\"https:\/\/www.pojistenikladno.eu\/wp-content\/uploads\/2019\/08\/logo_final_tm.png\",\"contentUrl\":\"https:\/\/www.pojistenikladno.eu\/wp-content\/uploads\/2019\/08\/logo_final_tm.png\",\"width\":356,\"height\":92,\"caption\":\"Poji\u0161t\u011bn\u00ed a finan\u010dn\u00ed poradenstv\u00ed Kladno\"},\"image\":{\"@id\":\"https:\/\/www.pojistenikladno.eu\/#logo\"}},{\"@type\":\"WebSite\",\"@id\":\"https:\/\/www.pojistenikladno.eu\/#website\",\"url\":\"https:\/\/www.pojistenikladno.eu\/\",\"name\":\"Poji\u0161t\u011bn\u00ed a finan\u010dn\u00ed poradenstv\u00ed Kladno\",\"description\":\"\",\"publisher\":{\"@id\":\"https:\/\/www.pojistenikladno.eu\/#organization\"},\"potentialAction\":[{\"@type\":\"SearchAction\",\"target\":{\"@type\":\"EntryPoint\",\"urlTemplate\":\"https:\/\/www.pojistenikladno.eu\/?s={search_term_string}\"},\"query-input\":\"required name=search_term_string\"}],\"inLanguage\":\"cs\"},{\"@type\":\"WebPage\",\"@id\":\"https:\/\/www.pojistenikladno.eu\/?page_id=5287#webpage\",\"url\":\"https:\/\/www.pojistenikladno.eu\/?page_id=5287\",\"name\":\"OSOBN\u00cd A RODINN\u00c9 FINANCE - Poji\u0161t\u011bn\u00ed a finan\u010dn\u00ed poradenstv\u00ed Kladno\",\"isPartOf\":{\"@id\":\"https:\/\/www.pojistenikladno.eu\/#website\"},\"datePublished\":\"2021-03-29T18:04:06+00:00\",\"dateModified\":\"2021-06-10T14:35:37+00:00\",\"breadcrumb\":{\"@id\":\"https:\/\/www.pojistenikladno.eu\/?page_id=5287#breadcrumb\"},\"inLanguage\":\"cs\",\"potentialAction\":[{\"@type\":\"ReadAction\",\"target\":[\"https:\/\/www.pojistenikladno.eu\/?page_id=5287\"]}]},{\"@type\":\"BreadcrumbList\",\"@id\":\"https:\/\/www.pojistenikladno.eu\/?page_id=5287#breadcrumb\",\"itemListElement\":[{\"@type\":\"ListItem\",\"position\":1,\"name\":\"Dom\u016f\",\"item\":\"https:\/\/www.pojistenikladno.eu\/\"},{\"@type\":\"ListItem\",\"position\":2,\"name\":\"OSOBN\u00cd A RODINN\u00c9 FINANCE\"}]}]}<\/script>\n<!-- \/ Yoast SEO plugin. -->","yoast_head_json":{"title":"OSOBN\u00cd A RODINN\u00c9 FINANCE - Poji\u0161t\u011bn\u00ed a finan\u010dn\u00ed poradenstv\u00ed Kladno","robots":{"index":"index","follow":"follow","max-snippet":"max-snippet:-1","max-image-preview":"max-image-preview:large","max-video-preview":"max-video-preview:-1"},"canonical":"https:\/\/www.pojistenikladno.eu\/?page_id=5287","og_locale":"cs_CZ","og_type":"article","og_title":"OSOBN\u00cd A RODINN\u00c9 FINANCE - Poji\u0161t\u011bn\u00ed a finan\u010dn\u00ed poradenstv\u00ed Kladno","og_description":"Nab\u00edz\u00edm kompletn\u00ed p\u00e9\u010di Va\u0161e finance. Na z\u00e1klad\u011b va\u0161ich \u017eivotn\u00edch c\u00edl\u016f sestav\u00edm individu\u00e1ln\u00ed Finan\u010dn\u00ed pl\u00e1n. Ka\u017ed\u00e1 f\u00e1ze \u017eivotn\u00edho cyklu \u010dlov\u011bka p\u0159in\u00e1\u0161\u00ed jin\u00e9 po\u017eadavky a jin\u00e9 pot\u0159eby, n\u011bkdy v\u00e1h\u00e1me se sv\u00fdm rozhodnut\u00edm jak a kam nejl\u00e9pe investovat, abychom p\u0159ede\u0161li finan\u010dn\u00ed t\u00edsni. L\u00e1kav\u00e9 nab\u00eddky m\u00e9di\u00ed a bank neb\u00fdvaj\u00ed v\u017edy nejlep\u0161\u00edm doporu\u010den\u00edm pr\u00e1v\u011b vzhledem k na\u0161\u00ed konkr\u00e9tn\u00ed finan\u010dn\u00ed situaci.\u00a0 [&hellip;]","og_url":"https:\/\/www.pojistenikladno.eu\/?page_id=5287","og_site_name":"Poji\u0161t\u011bn\u00ed a finan\u010dn\u00ed poradenstv\u00ed Kladno","article_publisher":"https:\/\/www.facebook.com\/NadaKutilovaFinancniPoradenstvi","article_modified_time":"2021-06-10T14:35:37+00:00","twitter_card":"summary_large_image","twitter_misc":{"Odhadovan\u00e1 doba \u010dten\u00ed":"1 minuta"},"schema":{"@context":"https:\/\/schema.org","@graph":[{"@type":"Organization","@id":"https:\/\/www.pojistenikladno.eu\/#organization","name":"Poji\u0161t\u011bn\u00ed a finan\u010dn\u00ed poradenstv\u00ed Kladno","url":"https:\/\/www.pojistenikladno.eu\/","sameAs":["https:\/\/www.facebook.com\/NadaKutilovaFinancniPoradenstvi"],"logo":{"@type":"ImageObject","@id":"https:\/\/www.pojistenikladno.eu\/#logo","inLanguage":"cs","url":"https:\/\/www.pojistenikladno.eu\/wp-content\/uploads\/2019\/08\/logo_final_tm.png","contentUrl":"https:\/\/www.pojistenikladno.eu\/wp-content\/uploads\/2019\/08\/logo_final_tm.png","width":356,"height":92,"caption":"Poji\u0161t\u011bn\u00ed a finan\u010dn\u00ed poradenstv\u00ed Kladno"},"image":{"@id":"https:\/\/www.pojistenikladno.eu\/#logo"}},{"@type":"WebSite","@id":"https:\/\/www.pojistenikladno.eu\/#website","url":"https:\/\/www.pojistenikladno.eu\/","name":"Poji\u0161t\u011bn\u00ed a finan\u010dn\u00ed poradenstv\u00ed Kladno","description":"","publisher":{"@id":"https:\/\/www.pojistenikladno.eu\/#organization"},"potentialAction":[{"@type":"SearchAction","target":{"@type":"EntryPoint","urlTemplate":"https:\/\/www.pojistenikladno.eu\/?s={search_term_string}"},"query-input":"required name=search_term_string"}],"inLanguage":"cs"},{"@type":"WebPage","@id":"https:\/\/www.pojistenikladno.eu\/?page_id=5287#webpage","url":"https:\/\/www.pojistenikladno.eu\/?page_id=5287","name":"OSOBN\u00cd A RODINN\u00c9 FINANCE - Poji\u0161t\u011bn\u00ed a finan\u010dn\u00ed poradenstv\u00ed Kladno","isPartOf":{"@id":"https:\/\/www.pojistenikladno.eu\/#website"},"datePublished":"2021-03-29T18:04:06+00:00","dateModified":"2021-06-10T14:35:37+00:00","breadcrumb":{"@id":"https:\/\/www.pojistenikladno.eu\/?page_id=5287#breadcrumb"},"inLanguage":"cs","potentialAction":[{"@type":"ReadAction","target":["https:\/\/www.pojistenikladno.eu\/?page_id=5287"]}]},{"@type":"BreadcrumbList","@id":"https:\/\/www.pojistenikladno.eu\/?page_id=5287#breadcrumb","itemListElement":[{"@type":"ListItem","position":1,"name":"Dom\u016f","item":"https:\/\/www.pojistenikladno.eu\/"},{"@type":"ListItem","position":2,"name":"OSOBN\u00cd A RODINN\u00c9 FINANCE"}]}]}},"_links":{"self":[{"href":"https:\/\/www.pojistenikladno.eu\/index.php?rest_route=\/wp\/v2\/pages\/5287"}],"collection":[{"href":"https:\/\/www.pojistenikladno.eu\/index.php?rest_route=\/wp\/v2\/pages"}],"about":[{"href":"https:\/\/www.pojistenikladno.eu\/index.php?rest_route=\/wp\/v2\/types\/page"}],"author":[{"embeddable":true,"href":"https:\/\/www.pojistenikladno.eu\/index.php?rest_route=\/wp\/v2\/users\/1"}],"replies":[{"embeddable":true,"href":"https:\/\/www.pojistenikladno.eu\/index.php?rest_route=%2Fwp%2Fv2%2Fcomments&post=5287"}],"version-history":[{"count":10,"href":"https:\/\/www.pojistenikladno.eu\/index.php?rest_route=\/wp\/v2\/pages\/5287\/revisions"}],"predecessor-version":[{"id":5926,"href":"https:\/\/www.pojistenikladno.eu\/index.php?rest_route=\/wp\/v2\/pages\/5287\/revisions\/5926"}],"wp:attachment":[{"href":"https:\/\/www.pojistenikladno.eu\/index.php?rest_route=%2Fwp%2Fv2%2Fmedia&parent=5287"}],"curies":[{"name":"wp","href":"https:\/\/api.w.org\/{rel}","templated":true}]}}