{"id":5111,"date":"2021-03-25T12:43:47","date_gmt":"2021-03-25T11:43:47","guid":{"rendered":"https:\/\/webovkykladno.cz\/pojistenikladno\/?page_id=5111"},"modified":"2021-03-25T18:10:16","modified_gmt":"2021-03-25T17:10:16","slug":"sjednat-schuzku","status":"publish","type":"page","link":"https:\/\/www.pojistenikladno.eu\/?page_id=5111","title":{"rendered":"Sjednat sch\u016fzku"},"content":{"rendered":"<div class=\"booked-calendar-shortcode-wrap\"><div class=\"booked-calendar-wrap large\"><table class=\"booked-calendar\" data-calendar-date=\"2026-04-01\">\n\t\t<thead>\n\n\t\t\t\n\t\t\t<tr>\n\t\t\t\t<th colspan=\"5\">\n\t\t\t\t\t\t\t\t\t\t<span class=\"calendarSavingState\">\n\t\t\t\t\t\t<i class=\"booked-icon booked-icon-spinner-clock booked-icon-spin\"><\/i>\n\t\t\t\t\t<\/span>\n\t\t\t\t\t<span class=\"monthName\">\n\t\t\t\t\t\tDuben 2026\t\t\t\t\t\t\t\t\t\t\t<\/span>\n\t\t\t\t\t\t\t\t\t<\/th>\n\t\t\t<\/tr>\n\t\t\t<tr class=\"days\">\n\t\t\t\t\t\t\t\t<th>Po<\/th>\n\t\t\t\t<th>\u00dat<\/th>\n\t\t\t\t<th>St<\/th>\n\t\t\t\t<th>\u010ct<\/th>\n\t\t\t\t<th>P\u00e1<\/th>\n\t\t\t\t\t\t\t\t\t\t\t<\/tr>\n\t\t<\/thead>\n\t\t<tbody><tr class=\"week\"><td data-date=\"2026-03-30\" class=\"prev-month prev-date\"><span class=\"date\"><span class=\"number\">30<\/span><\/span><\/td><td data-date=\"2026-03-31\" class=\"prev-month prev-date\"><span class=\"date\"><span class=\"number\">31<\/span><\/span><\/td><td data-date=\"2026-04-1\" class=\"prev-date\"><span class=\"date\"><span class=\"number\">1<\/span><\/span><\/td><td data-date=\"2026-04-2\" class=\"prev-date\"><span class=\"date\"><span class=\"number\">2<\/span><\/span><\/td><td data-date=\"2026-04-3\" class=\"prev-date\"><span class=\"date\"><span class=\"number\">3<\/span><\/span><\/td><\/tr><tr class=\"week\"><td data-date=\"2026-04-6\" class=\"prev-date\"><span class=\"date\"><span class=\"number\">6<\/span><\/span><\/td><td data-date=\"2026-04-7\" class=\"prev-date\"><span class=\"date\"><span class=\"number\">7<\/span><\/span><\/td><td data-date=\"2026-04-8\" class=\"prev-date\"><span class=\"date\"><span class=\"number\">8<\/span><\/span><\/td><td data-date=\"2026-04-9\" class=\"prev-date\"><span class=\"date\"><span class=\"number\">9<\/span><\/span><\/td><td data-date=\"2026-04-10\" class=\"prev-date\"><span class=\"date\"><span class=\"number\">10<\/span><\/span><\/td><\/tr><tr class=\"week\"><td data-date=\"2026-04-13\" class=\"prev-date\"><span class=\"date\"><span class=\"number\">13<\/span><\/span><\/td><td data-date=\"2026-04-14\" class=\"prev-date\"><span class=\"date\"><span class=\"number\">14<\/span><\/span><\/td><td data-date=\"2026-04-15\" class=\"prev-date\"><span class=\"date\"><span class=\"number\">15<\/span><\/span><\/td><td data-date=\"2026-04-16\" class=\"prev-date\"><span class=\"date\"><span class=\"number\">16<\/span><\/span><\/td><td data-date=\"2026-04-17\" class=\"prev-date\"><span class=\"date\"><span class=\"number\">17<\/span><\/span><\/td><\/tr><tr class=\"week\"><td data-date=\"2026-04-20\" class=\"prev-date\"><span class=\"date\"><span class=\"number\">20<\/span><\/span><\/td><td data-date=\"2026-04-21\" class=\"prev-date\"><span class=\"date\"><span class=\"number\">21<\/span><\/span><\/td><td data-date=\"2026-04-22\" class=\"prev-date\"><span class=\"date\"><span class=\"number\">22<\/span><\/span><\/td><td data-date=\"2026-04-23\" class=\"prev-date\"><span class=\"date\"><span class=\"number\">23<\/span><\/span><\/td><td data-date=\"2026-04-24\" class=\"prev-date\"><span class=\"date\"><span class=\"number\">24<\/span><\/span><\/td><\/tr><tr class=\"week\"><td data-date=\"2026-04-27\" class=\"prev-date\"><span class=\"date\"><span class=\"number\">27<\/span><\/span><\/td><td data-date=\"2026-04-28\" class=\"prev-date\"><span class=\"date\"><span class=\"number\">28<\/span><\/span><\/td><td data-date=\"2026-04-29\" class=\"prev-date\"><span class=\"date\"><span class=\"number\">29<\/span><\/span><\/td><td data-date=\"2026-04-30\" class=\"prev-date\"><span class=\"date\"><span class=\"number\">30<\/span><\/span><\/td><td data-date=\"2026-05-1\" class=\"next-month prev-date\"><span class=\"date\"><span class=\"number\">1<\/span><\/span><\/td><\/tr>\t\t<\/tbody>\n\t<\/table><\/div><\/div>\n","protected":false},"excerpt":{"rendered":"","protected":false},"author":1,"featured_media":0,"parent":0,"menu_order":0,"comment_status":"closed","ping_status":"closed","template":"","meta":{"_mi_skip_tracking":false},"yoast_head":"<!-- This site is optimized with the Yoast SEO plugin v18.1 - https:\/\/yoast.com\/wordpress\/plugins\/seo\/ -->\n<title>Sjednat sch\u016fzku - Poji\u0161t\u011bn\u00ed a finan\u010dn\u00ed poradenstv\u00ed Kladno<\/title>\n<meta name=\"robots\" content=\"index, follow, max-snippet:-1, max-image-preview:large, max-video-preview:-1\" \/>\n<link rel=\"canonical\" href=\"https:\/\/www.pojistenikladno.eu\/?page_id=5111\" \/>\n<meta property=\"og:locale\" content=\"cs_CZ\" \/>\n<meta property=\"og:type\" content=\"article\" \/>\n<meta property=\"og:title\" content=\"Sjednat sch\u016fzku - Poji\u0161t\u011bn\u00ed a finan\u010dn\u00ed poradenstv\u00ed Kladno\" \/>\n<meta property=\"og:url\" content=\"https:\/\/www.pojistenikladno.eu\/?page_id=5111\" \/>\n<meta property=\"og:site_name\" content=\"Poji\u0161t\u011bn\u00ed a finan\u010dn\u00ed poradenstv\u00ed Kladno\" \/>\n<meta property=\"article:publisher\" content=\"https:\/\/www.facebook.com\/NadaKutilovaFinancniPoradenstvi\" \/>\n<meta property=\"article:modified_time\" content=\"2021-03-25T17:10:16+00:00\" \/>\n<meta name=\"twitter:card\" content=\"summary_large_image\" \/>\n<script type=\"application\/ld+json\" class=\"yoast-schema-graph\">{\"@context\":\"https:\/\/schema.org\",\"@graph\":[{\"@type\":\"Organization\",\"@id\":\"https:\/\/www.pojistenikladno.eu\/#organization\",\"name\":\"Poji\u0161t\u011bn\u00ed a finan\u010dn\u00ed poradenstv\u00ed Kladno\",\"url\":\"https:\/\/www.pojistenikladno.eu\/\",\"sameAs\":[\"https:\/\/www.facebook.com\/NadaKutilovaFinancniPoradenstvi\"],\"logo\":{\"@type\":\"ImageObject\",\"@id\":\"https:\/\/www.pojistenikladno.eu\/#logo\",\"inLanguage\":\"cs\",\"url\":\"https:\/\/www.pojistenikladno.eu\/wp-content\/uploads\/2019\/08\/logo_final_tm.png\",\"contentUrl\":\"https:\/\/www.pojistenikladno.eu\/wp-content\/uploads\/2019\/08\/logo_final_tm.png\",\"width\":356,\"height\":92,\"caption\":\"Poji\u0161t\u011bn\u00ed a finan\u010dn\u00ed poradenstv\u00ed Kladno\"},\"image\":{\"@id\":\"https:\/\/www.pojistenikladno.eu\/#logo\"}},{\"@type\":\"WebSite\",\"@id\":\"https:\/\/www.pojistenikladno.eu\/#website\",\"url\":\"https:\/\/www.pojistenikladno.eu\/\",\"name\":\"Poji\u0161t\u011bn\u00ed a finan\u010dn\u00ed poradenstv\u00ed Kladno\",\"description\":\"\",\"publisher\":{\"@id\":\"https:\/\/www.pojistenikladno.eu\/#organization\"},\"potentialAction\":[{\"@type\":\"SearchAction\",\"target\":{\"@type\":\"EntryPoint\",\"urlTemplate\":\"https:\/\/www.pojistenikladno.eu\/?s={search_term_string}\"},\"query-input\":\"required name=search_term_string\"}],\"inLanguage\":\"cs\"},{\"@type\":\"WebPage\",\"@id\":\"https:\/\/www.pojistenikladno.eu\/?page_id=5111#webpage\",\"url\":\"https:\/\/www.pojistenikladno.eu\/?page_id=5111\",\"name\":\"Sjednat sch\u016fzku - Poji\u0161t\u011bn\u00ed a finan\u010dn\u00ed poradenstv\u00ed Kladno\",\"isPartOf\":{\"@id\":\"https:\/\/www.pojistenikladno.eu\/#website\"},\"datePublished\":\"2021-03-25T11:43:47+00:00\",\"dateModified\":\"2021-03-25T17:10:16+00:00\",\"breadcrumb\":{\"@id\":\"https:\/\/www.pojistenikladno.eu\/?page_id=5111#breadcrumb\"},\"inLanguage\":\"cs\",\"potentialAction\":[{\"@type\":\"ReadAction\",\"target\":[\"https:\/\/www.pojistenikladno.eu\/?page_id=5111\"]}]},{\"@type\":\"BreadcrumbList\",\"@id\":\"https:\/\/www.pojistenikladno.eu\/?page_id=5111#breadcrumb\",\"itemListElement\":[{\"@type\":\"ListItem\",\"position\":1,\"name\":\"Dom\u016f\",\"item\":\"https:\/\/www.pojistenikladno.eu\/\"},{\"@type\":\"ListItem\",\"position\":2,\"name\":\"Sjednat sch\u016fzku\"}]}]}<\/script>\n<!-- \/ Yoast SEO plugin. -->","yoast_head_json":{"title":"Sjednat sch\u016fzku - Poji\u0161t\u011bn\u00ed a finan\u010dn\u00ed poradenstv\u00ed Kladno","robots":{"index":"index","follow":"follow","max-snippet":"max-snippet:-1","max-image-preview":"max-image-preview:large","max-video-preview":"max-video-preview:-1"},"canonical":"https:\/\/www.pojistenikladno.eu\/?page_id=5111","og_locale":"cs_CZ","og_type":"article","og_title":"Sjednat sch\u016fzku - Poji\u0161t\u011bn\u00ed a finan\u010dn\u00ed poradenstv\u00ed Kladno","og_url":"https:\/\/www.pojistenikladno.eu\/?page_id=5111","og_site_name":"Poji\u0161t\u011bn\u00ed a finan\u010dn\u00ed poradenstv\u00ed Kladno","article_publisher":"https:\/\/www.facebook.com\/NadaKutilovaFinancniPoradenstvi","article_modified_time":"2021-03-25T17:10:16+00:00","twitter_card":"summary_large_image","schema":{"@context":"https:\/\/schema.org","@graph":[{"@type":"Organization","@id":"https:\/\/www.pojistenikladno.eu\/#organization","name":"Poji\u0161t\u011bn\u00ed a finan\u010dn\u00ed poradenstv\u00ed Kladno","url":"https:\/\/www.pojistenikladno.eu\/","sameAs":["https:\/\/www.facebook.com\/NadaKutilovaFinancniPoradenstvi"],"logo":{"@type":"ImageObject","@id":"https:\/\/www.pojistenikladno.eu\/#logo","inLanguage":"cs","url":"https:\/\/www.pojistenikladno.eu\/wp-content\/uploads\/2019\/08\/logo_final_tm.png","contentUrl":"https:\/\/www.pojistenikladno.eu\/wp-content\/uploads\/2019\/08\/logo_final_tm.png","width":356,"height":92,"caption":"Poji\u0161t\u011bn\u00ed a finan\u010dn\u00ed poradenstv\u00ed Kladno"},"image":{"@id":"https:\/\/www.pojistenikladno.eu\/#logo"}},{"@type":"WebSite","@id":"https:\/\/www.pojistenikladno.eu\/#website","url":"https:\/\/www.pojistenikladno.eu\/","name":"Poji\u0161t\u011bn\u00ed a finan\u010dn\u00ed poradenstv\u00ed Kladno","description":"","publisher":{"@id":"https:\/\/www.pojistenikladno.eu\/#organization"},"potentialAction":[{"@type":"SearchAction","target":{"@type":"EntryPoint","urlTemplate":"https:\/\/www.pojistenikladno.eu\/?s={search_term_string}"},"query-input":"required name=search_term_string"}],"inLanguage":"cs"},{"@type":"WebPage","@id":"https:\/\/www.pojistenikladno.eu\/?page_id=5111#webpage","url":"https:\/\/www.pojistenikladno.eu\/?page_id=5111","name":"Sjednat sch\u016fzku - Poji\u0161t\u011bn\u00ed a finan\u010dn\u00ed poradenstv\u00ed Kladno","isPartOf":{"@id":"https:\/\/www.pojistenikladno.eu\/#website"},"datePublished":"2021-03-25T11:43:47+00:00","dateModified":"2021-03-25T17:10:16+00:00","breadcrumb":{"@id":"https:\/\/www.pojistenikladno.eu\/?page_id=5111#breadcrumb"},"inLanguage":"cs","potentialAction":[{"@type":"ReadAction","target":["https:\/\/www.pojistenikladno.eu\/?page_id=5111"]}]},{"@type":"BreadcrumbList","@id":"https:\/\/www.pojistenikladno.eu\/?page_id=5111#breadcrumb","itemListElement":[{"@type":"ListItem","position":1,"name":"Dom\u016f","item":"https:\/\/www.pojistenikladno.eu\/"},{"@type":"ListItem","position":2,"name":"Sjednat sch\u016fzku"}]}]}},"_links":{"self":[{"href":"https:\/\/www.pojistenikladno.eu\/index.php?rest_route=\/wp\/v2\/pages\/5111"}],"collection":[{"href":"https:\/\/www.pojistenikladno.eu\/index.php?rest_route=\/wp\/v2\/pages"}],"about":[{"href":"https:\/\/www.pojistenikladno.eu\/index.php?rest_route=\/wp\/v2\/types\/page"}],"author":[{"embeddable":true,"href":"https:\/\/www.pojistenikladno.eu\/index.php?rest_route=\/wp\/v2\/users\/1"}],"replies":[{"embeddable":true,"href":"https:\/\/www.pojistenikladno.eu\/index.php?rest_route=%2Fwp%2Fv2%2Fcomments&post=5111"}],"version-history":[{"count":2,"href":"https:\/\/www.pojistenikladno.eu\/index.php?rest_route=\/wp\/v2\/pages\/5111\/revisions"}],"predecessor-version":[{"id":5113,"href":"https:\/\/www.pojistenikladno.eu\/index.php?rest_route=\/wp\/v2\/pages\/5111\/revisions\/5113"}],"wp:attachment":[{"href":"https:\/\/www.pojistenikladno.eu\/index.php?rest_route=%2Fwp%2Fv2%2Fmedia&parent=5111"}],"curies":[{"name":"wp","href":"https:\/\/api.w.org\/{rel}","templated":true}]}}